{"id":7504,"date":"2023-06-09T06:56:07","date_gmt":"2023-06-09T06:56:07","guid":{"rendered":"https:\/\/marinapau.com\/pflege-fuer-ihr-handgelenk\/"},"modified":"2025-11-19T07:52:11","modified_gmt":"2025-11-19T07:52:11","slug":"pflege-fuer-ihr-handgelenk","status":"publish","type":"page","link":"https:\/\/marinapau.com\/de\/pflege-fuer-ihr-handgelenk\/","title":{"rendered":"Pflege f\u00fcr Ihr Handgelenk"},"content":{"rendered":"\t\t<div data-elementor-type=\"wp-page\" data-elementor-id=\"7504\" class=\"elementor elementor-7504 elementor-4707\" data-elementor-post-type=\"page\">\n\t\t\t\t\t\t<section class=\"elementor-section elementor-top-section elementor-element elementor-element-e645b55 elementor-section-full_width elementor-section-height-default elementor-section-height-default\" data-id=\"e645b55\" data-element_type=\"section\" data-e-type=\"section\" data-settings=\"{&quot;background_background&quot;:&quot;classic&quot;}\">\n\t\t\t\t\t\t<div class=\"elementor-container elementor-column-gap-default\">\n\t\t\t\t\t<div class=\"elementor-column elementor-col-100 elementor-top-column elementor-element elementor-element-def0494\" data-id=\"def0494\" data-element_type=\"column\" data-e-type=\"column\">\n\t\t\t<div class=\"elementor-widget-wrap\">\n\t\t\t\t\t\t\t<\/div>\n\t\t<\/div>\n\t\t\t\t\t<\/div>\n\t\t<\/section>\n\t\t\t\t<section class=\"elementor-section elementor-top-section elementor-element elementor-element-52a0d27 elementor-section-boxed elementor-section-height-default elementor-section-height-default\" data-id=\"52a0d27\" data-element_type=\"section\" data-e-type=\"section\" data-settings=\"{&quot;background_background&quot;:&quot;classic&quot;}\">\n\t\t\t\t\t\t<div class=\"elementor-container elementor-column-gap-default\">\n\t\t\t\t\t<div class=\"elementor-column elementor-col-100 elementor-top-column elementor-element elementor-element-695cdd8\" data-id=\"695cdd8\" data-element_type=\"column\" data-e-type=\"column\">\n\t\t\t<div class=\"elementor-widget-wrap elementor-element-populated\">\n\t\t\t\t\t\t<div class=\"elementor-element elementor-element-647090d elementor-widget elementor-widget-heading\" data-id=\"647090d\" data-element_type=\"widget\" data-e-type=\"widget\" data-widget_type=\"heading.default\">\n\t\t\t\t<div class=\"elementor-widget-container\">\n\t\t\t\t\t<h1 class=\"elementor-heading-title elementor-size-default\">Pflege f\u00fcr Ihre Handgelenke<\/h1>\t\t\t\t<\/div>\n\t\t\t\t<\/div>\n\t\t\t\t\t<\/div>\n\t\t<\/div>\n\t\t\t\t\t<\/div>\n\t\t<\/section>\n\t\t\t\t<section class=\"elementor-section elementor-top-section elementor-element elementor-element-a33c3c9 elementor-section-boxed elementor-section-height-default elementor-section-height-default\" data-id=\"a33c3c9\" data-element_type=\"section\" data-e-type=\"section\" data-settings=\"{&quot;background_background&quot;:&quot;classic&quot;}\">\n\t\t\t\t\t\t\t<div class=\"elementor-background-overlay\"><\/div>\n\t\t\t\t\t\t\t<div class=\"elementor-container elementor-column-gap-default\">\n\t\t\t\t\t<div class=\"elementor-column elementor-col-50 elementor-top-column elementor-element elementor-element-75610db elementor-invisible\" data-id=\"75610db\" data-element_type=\"column\" data-e-type=\"column\" data-settings=\"{&quot;animation&quot;:&quot;fadeIn&quot;,&quot;animation_tablet&quot;:&quot;fadeIn&quot;,&quot;animation_mobile&quot;:&quot;none&quot;}\">\n\t\t\t<div class=\"elementor-widget-wrap elementor-element-populated\">\n\t\t\t\t\t\t<div class=\"elementor-element elementor-element-746a2c6 elementor-widget elementor-widget-heading\" data-id=\"746a2c6\" data-element_type=\"widget\" data-e-type=\"widget\" data-widget_type=\"heading.default\">\n\t\t\t\t<div class=\"elementor-widget-container\">\n\t\t\t\t\t<h2 class=\"elementor-heading-title elementor-size-default\">Vinyl Puppen<\/h2>\t\t\t\t<\/div>\n\t\t\t\t<\/div>\n\t\t\t\t<div class=\"elementor-element elementor-element-51fd1a2 elementor-widget elementor-widget-text-editor\" data-id=\"51fd1a2\" data-element_type=\"widget\" data-e-type=\"widget\" data-widget_type=\"text-editor.default\">\n\t\t\t\t<div class=\"elementor-widget-container\">\n\t\t\t\t\t\t\t\t\t<p>Das Armband sollte nicht extremer Hitze, K\u00e4lte oder Feuchtigkeit ausgesetzt werden. Das Vinyl k\u00f6nnte besch\u00e4digt werden. <\/p><ul><li>Es ist ratsam, sie mit einem Waschlappen oder Wattebausch mit Wasser zu waschen, nicht zu reiben.<\/li><li>Verwenden Sie niemals Babyt\u00fccher, da diese in der Regel Alkohol enthalten, der das Vinyl besch\u00e4digt.  <\/li><li>Achten Sie darauf, dass kein Alkohol oder Eau de Cologne auf die Vinylteile gelangt.<\/li><li>Wenn Sie die Puppe parf\u00fcmieren m\u00f6chten, tragen Sie das Parf\u00fcm auf ihre Kleidung auf, bevor Sie sie anziehen, niemals auf ihren Stoffk\u00f6rper, um Flecken zu vermeiden.<\/li><li>Achten Sie darauf, dass farbige Kleidungsst\u00fccke wie Jeans, rote Pullover usw. nicht auf dem Vinyl reiben. Es ist ratsam, sie mit einem Handtuch festzuhalten. Wenn Sie sich umziehen, Jeans oder stark gef\u00e4rbte Kleidung anziehen m\u00f6chten, ist es ratsam, darunter eine Strumpfhose oder Unterw\u00e4sche in einer Farbe zu tragen, von der wir wissen, dass sie nicht ausbleicht.    <\/li><li>Bemalen Sie die Puppe nicht mit Tinte, Stift, Marker usw.<\/li><\/ul>\t\t\t\t\t\t\t\t<\/div>\n\t\t\t\t<\/div>\n\t\t\t\t\t<\/div>\n\t\t<\/div>\n\t\t\t\t<div class=\"elementor-column elementor-col-50 elementor-top-column elementor-element elementor-element-7bc2864 elementor-invisible\" data-id=\"7bc2864\" data-element_type=\"column\" data-e-type=\"column\" data-settings=\"{&quot;animation&quot;:&quot;fadeInRight&quot;,&quot;animation_tablet&quot;:&quot;fadeInRight&quot;,&quot;animation_mobile&quot;:&quot;none&quot;}\">\n\t\t\t<div class=\"elementor-widget-wrap elementor-element-populated\">\n\t\t\t\t\t\t<div class=\"elementor-element elementor-element-1f1cdaa elementor-widget elementor-widget-image\" data-id=\"1f1cdaa\" data-element_type=\"widget\" data-e-type=\"widget\" data-widget_type=\"image.default\">\n\t\t\t\t<div class=\"elementor-widget-container\">\n\t\t\t\t\t\t\t\t\t\t\t\t\t\t\t<img fetchpriority=\"high\" decoding=\"async\" width=\"586\" height=\"426\" src=\"https:\/\/marinapau.com\/wp-content\/uploads\/2023\/06\/consejos-munecas-vinilo-2-removebg-preview.png\" class=\"attachment-large size-large wp-image-7506\" alt=\"Mu\u00f1ecas de vinilo consejos para limpiar\" srcset=\"https:\/\/marinapau.com\/wp-content\/uploads\/2023\/06\/consejos-munecas-vinilo-2-removebg-preview.png 586w, https:\/\/marinapau.com\/wp-content\/uploads\/2023\/06\/consejos-munecas-vinilo-2-removebg-preview-64x47.png 64w, https:\/\/marinapau.com\/wp-content\/uploads\/2023\/06\/consejos-munecas-vinilo-2-removebg-preview-300x218.png 300w\" sizes=\"(max-width: 586px) 100vw, 586px\" \/>\t\t\t\t\t\t\t\t\t\t\t\t\t\t\t<\/div>\n\t\t\t\t<\/div>\n\t\t\t\t\t<\/div>\n\t\t<\/div>\n\t\t\t\t\t<\/div>\n\t\t<\/section>\n\t\t\t\t<section class=\"elementor-section elementor-top-section elementor-element elementor-element-093bb66 elementor-reverse-mobile elementor-section-boxed elementor-section-height-default elementor-section-height-default\" data-id=\"093bb66\" data-element_type=\"section\" data-e-type=\"section\" data-settings=\"{&quot;background_background&quot;:&quot;classic&quot;}\">\n\t\t\t\t\t\t\t<div class=\"elementor-background-overlay\"><\/div>\n\t\t\t\t\t\t\t<div class=\"elementor-container elementor-column-gap-default\">\n\t\t\t\t\t<div class=\"elementor-column elementor-col-50 elementor-top-column elementor-element elementor-element-fb3be70 elementor-invisible\" data-id=\"fb3be70\" data-element_type=\"column\" data-e-type=\"column\" data-settings=\"{&quot;animation&quot;:&quot;fadeInDown&quot;,&quot;animation_mobile&quot;:&quot;none&quot;}\">\n\t\t\t<div class=\"elementor-widget-wrap elementor-element-populated\">\n\t\t\t\t\t\t<div class=\"elementor-element elementor-element-9a5c55b elementor-widget elementor-widget-image\" data-id=\"9a5c55b\" data-element_type=\"widget\" data-e-type=\"widget\" data-widget_type=\"image.default\">\n\t\t\t\t<div class=\"elementor-widget-container\">\n\t\t\t\t\t\t\t\t\t\t\t\t\t\t\t<img decoding=\"async\" width=\"516\" height=\"484\" src=\"https:\/\/marinapau.com\/wp-content\/uploads\/2023\/06\/consejos-munecas-vinilo-1-removebg-preview.png\" class=\"attachment-large size-large wp-image-7507\" alt=\"\" srcset=\"https:\/\/marinapau.com\/wp-content\/uploads\/2023\/06\/consejos-munecas-vinilo-1-removebg-preview.png 516w, https:\/\/marinapau.com\/wp-content\/uploads\/2023\/06\/consejos-munecas-vinilo-1-removebg-preview-64x60.png 64w, https:\/\/marinapau.com\/wp-content\/uploads\/2023\/06\/consejos-munecas-vinilo-1-removebg-preview-300x281.png 300w\" sizes=\"(max-width: 516px) 100vw, 516px\" \/>\t\t\t\t\t\t\t\t\t\t\t\t\t\t\t<\/div>\n\t\t\t\t<\/div>\n\t\t\t\t\t<\/div>\n\t\t<\/div>\n\t\t\t\t<div class=\"elementor-column elementor-col-50 elementor-top-column elementor-element elementor-element-4512ba5 elementor-invisible\" data-id=\"4512ba5\" data-element_type=\"column\" data-e-type=\"column\" data-settings=\"{&quot;animation&quot;:&quot;fadeInUp&quot;,&quot;animation_mobile&quot;:&quot;none&quot;}\">\n\t\t\t<div class=\"elementor-widget-wrap elementor-element-populated\">\n\t\t\t\t\t\t<div class=\"elementor-element elementor-element-c1ddcf1 elementor-widget elementor-widget-heading\" data-id=\"c1ddcf1\" data-element_type=\"widget\" data-e-type=\"widget\" data-widget_type=\"heading.default\">\n\t\t\t\t<div class=\"elementor-widget-container\">\n\t\t\t\t\t<h2 class=\"elementor-heading-title elementor-size-default\">Ausgestopfte Puppen<\/h2>\t\t\t\t<\/div>\n\t\t\t\t<\/div>\n\t\t\t\t<div class=\"elementor-element elementor-element-bdbccc7 elementor-widget elementor-widget-text-editor\" data-id=\"bdbccc7\" data-element_type=\"widget\" data-e-type=\"widget\" data-widget_type=\"text-editor.default\">\n\t\t\t\t<div class=\"elementor-widget-container\">\n\t\t\t\t\t\t\t\t\t<p>Viele der Puppen in unserer Kollektion sind mit Kunstfaser- oder Wattef\u00fcllung gef\u00fcllt.<\/p>\n<ul>\n<li>Nehmen Sie ihn nicht mit an den Strand, denn die Feuchtigkeit des Sandes kann die Watte im Inneren feucht werden lassen und zu Schimmel und schlechten Ger\u00fcchen f\u00fchren.<\/li>\n<li>Tauchen Sie das Ger\u00e4t nicht in Wasser, da das Innere durch Feuchtigkeit verrotten kann.<\/li>\n<\/ul>\t\t\t\t\t\t\t\t<\/div>\n\t\t\t\t<\/div>\n\t\t\t\t\t<\/div>\n\t\t<\/div>\n\t\t\t\t\t<\/div>\n\t\t<\/section>\n\t\t\t\t<section class=\"elementor-section elementor-top-section elementor-element elementor-element-62e2feb elementor-section-boxed elementor-section-height-default elementor-section-height-default\" data-id=\"62e2feb\" data-element_type=\"section\" data-e-type=\"section\" data-settings=\"{&quot;background_background&quot;:&quot;classic&quot;}\">\n\t\t\t\t\t\t\t<div class=\"elementor-background-overlay\"><\/div>\n\t\t\t\t\t\t\t<div class=\"elementor-container elementor-column-gap-default\">\n\t\t\t\t\t<div class=\"elementor-column elementor-col-50 elementor-top-column elementor-element elementor-element-46c28e2 elementor-invisible\" data-id=\"46c28e2\" data-element_type=\"column\" data-e-type=\"column\" data-settings=\"{&quot;animation&quot;:&quot;fadeInLeft&quot;,&quot;animation_mobile&quot;:&quot;none&quot;}\">\n\t\t\t<div class=\"elementor-widget-wrap elementor-element-populated\">\n\t\t\t\t\t\t<div class=\"elementor-element elementor-element-c017f55 elementor-widget elementor-widget-heading\" data-id=\"c017f55\" data-element_type=\"widget\" data-e-type=\"widget\" data-widget_type=\"heading.default\">\n\t\t\t\t<div class=\"elementor-widget-container\">\n\t\t\t\t\t<h2 class=\"elementor-heading-title elementor-size-default\">Weitere Tipps f\u00fcr Ihre Puppen<\/h2>\t\t\t\t<\/div>\n\t\t\t\t<\/div>\n\t\t\t\t<div class=\"elementor-element elementor-element-9138dda elementor-widget elementor-widget-text-editor\" data-id=\"9138dda\" data-element_type=\"widget\" data-e-type=\"widget\" data-widget_type=\"text-editor.default\">\n\t\t\t\t<div class=\"elementor-widget-container\">\n\t\t\t\t\t\t\t\t\t<ul><li>Stellen Sie es <strong>nicht<\/strong> in der N\u00e4he von oder \u00fcber Kaminen, Herden oder anderen W\u00e4rmequellen auf.<\/li><li>Geben Sie es <strong>nicht<\/strong> in Waschmaschinen, Trockner, \u00d6fen, Mikrowellenherde usw.  <\/li><li>Strecken Sie einen Arm oder ein Bein <strong>nicht <\/strong>zu stark aus, sie k\u00f6nnen aus der Position gezogen werden.<\/li><li>Achten Sie darauf <strong>, dass sie nicht<\/strong> in der Reichweite von Haustieren oder Babys unter 3 Jahren <strong>aufbewahrt werden<\/strong>, es sei denn, es handelt sich um Puppen, die f\u00fcr ihr Alter geeignet sind.<\/li><li>Verwenden Sie <strong>keine<\/strong> Cremes, Balsam oder \u00d6le jeglicher Art.<\/li><li>Dr\u00fccken Sie die Wangen <strong>nicht<\/strong> zusammen. Bei einigen Puppen mit einem Mechanismus kann sich der Magnet im Mund l\u00f6sen und den Schnuller nicht einfangen. <\/li><\/ul>\t\t\t\t\t\t\t\t<\/div>\n\t\t\t\t<\/div>\n\t\t\t\t\t<\/div>\n\t\t<\/div>\n\t\t\t\t<div class=\"elementor-column elementor-col-50 elementor-top-column elementor-element elementor-element-6539ea6 elementor-invisible\" data-id=\"6539ea6\" data-element_type=\"column\" data-e-type=\"column\" data-settings=\"{&quot;animation&quot;:&quot;fadeInRight&quot;,&quot;animation_mobile&quot;:&quot;none&quot;}\">\n\t\t\t<div class=\"elementor-widget-wrap elementor-element-populated\">\n\t\t\t\t\t\t<div class=\"elementor-element elementor-element-e0aeca2 elementor-widget elementor-widget-image\" data-id=\"e0aeca2\" data-element_type=\"widget\" data-e-type=\"widget\" data-widget_type=\"image.default\">\n\t\t\t\t<div class=\"elementor-widget-container\">\n\t\t\t\t\t\t\t\t\t\t\t\t\t\t\t<img decoding=\"async\" width=\"819\" height=\"1024\" src=\"https:\/\/marinapau.com\/wp-content\/uploads\/2023\/09\/LEONOR-2-819x1024.png\" class=\"attachment-large size-large wp-image-7511\" alt=\"\" srcset=\"https:\/\/marinapau.com\/wp-content\/uploads\/2023\/09\/LEONOR-2-819x1024.png 819w, https:\/\/marinapau.com\/wp-content\/uploads\/2023\/09\/LEONOR-2-600x750.png 600w, https:\/\/marinapau.com\/wp-content\/uploads\/2023\/09\/LEONOR-2-64x80.png 64w, https:\/\/marinapau.com\/wp-content\/uploads\/2023\/09\/LEONOR-2-240x300.png 240w, https:\/\/marinapau.com\/wp-content\/uploads\/2023\/09\/LEONOR-2-768x960.png 768w, https:\/\/marinapau.com\/wp-content\/uploads\/2023\/09\/LEONOR-2-1229x1536.png 1229w, https:\/\/marinapau.com\/wp-content\/uploads\/2023\/09\/LEONOR-2-1638x2048.png 1638w, https:\/\/marinapau.com\/wp-content\/uploads\/2023\/09\/LEONOR-2-10x12.png 10w, https:\/\/marinapau.com\/wp-content\/uploads\/2023\/09\/LEONOR-2.png 1655w\" sizes=\"(max-width: 819px) 100vw, 819px\" \/>\t\t\t\t\t\t\t\t\t\t\t\t\t\t\t<\/div>\n\t\t\t\t<\/div>\n\t\t\t\t\t<\/div>\n\t\t<\/div>\n\t\t\t\t\t<\/div>\n\t\t<\/section>\n\t\t\t\t<\/div>\n\t\t","protected":false},"excerpt":{"rendered":"<p>Pflege f\u00fcr Ihre Handgelenke Vinyl Puppen Das Armband sollte nicht extremer Hitze, K\u00e4lte oder Feuchtigkeit ausgesetzt werden. Das Vinyl k\u00f6nnte [&hellip;]<\/p>\n","protected":false},"author":1,"featured_media":0,"parent":0,"menu_order":0,"comment_status":"closed","ping_status":"closed","template":"","meta":{"site-sidebar-layout":"no-sidebar","site-content-layout":"page-builder","ast-site-content-layout":"default","site-content-style":"default","site-sidebar-style":"default","ast-global-header-display":"","ast-banner-title-visibility":"","ast-main-header-display":"","ast-hfb-above-header-display":"","ast-hfb-below-header-display":"","ast-hfb-mobile-header-display":"","site-post-title":"disabled","ast-breadcrumbs-content":"","ast-featured-img":"disabled","footer-sml-layout":"","theme-transparent-header-meta":"","adv-header-id-meta":"","stick-header-meta":"","header-above-stick-meta":"","header-main-stick-meta":"","header-below-stick-meta":"","astra-migrate-meta-layouts":"default","ast-page-background-enabled":"default","ast-page-background-meta":{"desktop":{"background-color":"","background-image":"","background-repeat":"repeat","background-position":"center center","background-size":"auto","background-attachment":"scroll","background-type":"","background-media":"","overlay-type":"","overlay-color":"","overlay-opacity":"","overlay-gradient":""},"tablet":{"background-color":"","background-image":"","background-repeat":"repeat","background-position":"center center","background-size":"auto","background-attachment":"scroll","background-type":"","background-media":"","overlay-type":"","overlay-color":"","overlay-opacity":"","overlay-gradient":""},"mobile":{"background-color":"","background-image":"","background-repeat":"repeat","background-position":"center center","background-size":"auto","background-attachment":"scroll","background-type":"","background-media":"","overlay-type":"","overlay-color":"","overlay-opacity":"","overlay-gradient":""}},"ast-content-background-meta":{"desktop":{"background-color":"var(--ast-global-color-5)","background-image":"","background-repeat":"repeat","background-position":"center center","background-size":"auto","background-attachment":"scroll","background-type":"","background-media":"","overlay-type":"","overlay-color":"","overlay-opacity":"","overlay-gradient":""},"tablet":{"background-color":"var(--ast-global-color-5)","background-image":"","background-repeat":"repeat","background-position":"center center","background-size":"auto","background-attachment":"scroll","background-type":"","background-media":"","overlay-type":"","overlay-color":"","overlay-opacity":"","overlay-gradient":""},"mobile":{"background-color":"var(--ast-global-color-5)","background-image":"","background-repeat":"repeat","background-position":"center center","background-size":"auto","background-attachment":"scroll","background-type":"","background-media":"","overlay-type":"","overlay-color":"","overlay-opacity":"","overlay-gradient":""}},"footnotes":""},"class_list":["post-7504","page","type-page","status-publish","hentry"],"_links":{"self":[{"href":"https:\/\/marinapau.com\/de\/wp-json\/wp\/v2\/pages\/7504","targetHints":{"allow":["GET"]}}],"collection":[{"href":"https:\/\/marinapau.com\/de\/wp-json\/wp\/v2\/pages"}],"about":[{"href":"https:\/\/marinapau.com\/de\/wp-json\/wp\/v2\/types\/page"}],"author":[{"embeddable":true,"href":"https:\/\/marinapau.com\/de\/wp-json\/wp\/v2\/users\/1"}],"replies":[{"embeddable":true,"href":"https:\/\/marinapau.com\/de\/wp-json\/wp\/v2\/comments?post=7504"}],"version-history":[{"count":0,"href":"https:\/\/marinapau.com\/de\/wp-json\/wp\/v2\/pages\/7504\/revisions"}],"wp:attachment":[{"href":"https:\/\/marinapau.com\/de\/wp-json\/wp\/v2\/media?parent=7504"}],"curies":[{"name":"wp","href":"https:\/\/api.w.org\/{rel}","templated":true}]}}