{"id":7660,"date":"2023-05-26T11:49:03","date_gmt":"2023-05-26T11:49:03","guid":{"rendered":"https:\/\/marinapau.com\/barrierefreiheitserklarung\/"},"modified":"2025-11-19T08:01:47","modified_gmt":"2025-11-19T08:01:47","slug":"barrierefreiheitserklarung","status":"publish","type":"page","link":"https:\/\/marinapau.com\/de\/barrierefreiheitserklarung\/","title":{"rendered":"Barrierefreiheitserkl\u00e4rung"},"content":{"rendered":"\n<p>Als Unternehmen, das sich der Web-Barrierefreiheit verpflichtet hat, bem\u00fchen wir uns, unsere Website f\u00fcr alle Menschen zug\u00e4nglich zu machen, einschlie\u00dflich Menschen mit Behinderungen. Wir wissen, dass Webbarrierefreiheit entscheidend ist, um sicherzustellen, dass alle Menschen gleiche Chancen bei der Nutzung von Technologie und der Teilnahme an der Gesellschaft online haben. <\/p>\n\n<p>Um dieses Ziel zu erreichen, haben wir intensiv daran gearbeitet, die vom World Wide Web Consortium (W3C) festgelegten Webbarrierefreiheitsrichtlinien (WCAG) einzuhalten, einschlie\u00dflich der Level AA Web Content Accessibility Guidelines (WCAG) 2.1. Wir haben bew\u00e4hrte Verfahren umgesetzt, um unsere Website f\u00fcr Menschen mit Sehbehinderungen leicht zug\u00e4nglich zu machen. akustisch, kognitiv und k\u00f6rperlich. <\/p>\n\n<p>Zu den von uns ergriffenen Ma\u00dfnahmen geh\u00f6ren die Verwendung geeigneter Tags in unserem HTML-Code zur Bereitstellung von Beschreibungen von Bildern und Links, die Verwendung von kontrastreichen Farben zur Verbesserung der Lesbarkeit, die Bereitstellung von Audioalternativen f\u00fcr Videoinhalte und die Sicherstellung, dass unsere Website vollst\u00e4ndig \u00fcber die Tastatur navigierbar ist.<\/p>\n\n<p>Wir setzen uns daf\u00fcr ein, unsere Website kontinuierlich zu verbessern, damit sie f\u00fcr alle Nutzer zug\u00e4nglich ist, unabh\u00e4ngig von ihren Behinderungen. Wir freuen uns \u00fcber jegliches Feedback, das unsere Nutzer zur Barrierefreiheit unserer Website geben k\u00f6nnen, da dies uns helfen wird, die Barrierefreiheit in Zukunft weiter zu verbessern. <\/p>\n","protected":false},"excerpt":{"rendered":"<p>Als Unternehmen, das sich der Web-Barrierefreiheit verpflichtet hat, bem\u00fchen wir uns, unsere Website f\u00fcr alle Menschen zug\u00e4nglich zu machen, einschlie\u00dflich [&hellip;]<\/p>\n","protected":false},"author":1,"featured_media":0,"parent":0,"menu_order":0,"comment_status":"closed","ping_status":"closed","template":"","meta":{"site-sidebar-layout":"default","site-content-layout":"","ast-site-content-layout":"default","site-content-style":"default","site-sidebar-style":"default","ast-global-header-display":"","ast-banner-title-visibility":"","ast-main-header-display":"","ast-hfb-above-header-display":"","ast-hfb-below-header-display":"","ast-hfb-mobile-header-display":"","site-post-title":"","ast-breadcrumbs-content":"","ast-featured-img":"","footer-sml-layout":"","theme-transparent-header-meta":"","adv-header-id-meta":"","stick-header-meta":"","header-above-stick-meta":"","header-main-stick-meta":"","header-below-stick-meta":"","astra-migrate-meta-layouts":"default","ast-page-background-enabled":"default","ast-page-background-meta":{"desktop":{"background-color":"","background-image":"","background-repeat":"repeat","background-position":"center center","background-size":"auto","background-attachment":"scroll","background-type":"","background-media":"","overlay-type":"","overlay-color":"","overlay-opacity":"","overlay-gradient":""},"tablet":{"background-color":"","background-image":"","background-repeat":"repeat","background-position":"center center","background-size":"auto","background-attachment":"scroll","background-type":"","background-media":"","overlay-type":"","overlay-color":"","overlay-opacity":"","overlay-gradient":""},"mobile":{"background-color":"","background-image":"","background-repeat":"repeat","background-position":"center center","background-size":"auto","background-attachment":"scroll","background-type":"","background-media":"","overlay-type":"","overlay-color":"","overlay-opacity":"","overlay-gradient":""}},"ast-content-background-meta":{"desktop":{"background-color":"var(--ast-global-color-5)","background-image":"","background-repeat":"repeat","background-position":"center center","background-size":"auto","background-attachment":"scroll","background-type":"","background-media":"","overlay-type":"","overlay-color":"","overlay-opacity":"","overlay-gradient":""},"tablet":{"background-color":"var(--ast-global-color-5)","background-image":"","background-repeat":"repeat","background-position":"center center","background-size":"auto","background-attachment":"scroll","background-type":"","background-media":"","overlay-type":"","overlay-color":"","overlay-opacity":"","overlay-gradient":""},"mobile":{"background-color":"var(--ast-global-color-5)","background-image":"","background-repeat":"repeat","background-position":"center center","background-size":"auto","background-attachment":"scroll","background-type":"","background-media":"","overlay-type":"","overlay-color":"","overlay-opacity":"","overlay-gradient":""}},"footnotes":""},"class_list":["post-7660","page","type-page","status-publish","hentry"],"_links":{"self":[{"href":"https:\/\/marinapau.com\/de\/wp-json\/wp\/v2\/pages\/7660","targetHints":{"allow":["GET"]}}],"collection":[{"href":"https:\/\/marinapau.com\/de\/wp-json\/wp\/v2\/pages"}],"about":[{"href":"https:\/\/marinapau.com\/de\/wp-json\/wp\/v2\/types\/page"}],"author":[{"embeddable":true,"href":"https:\/\/marinapau.com\/de\/wp-json\/wp\/v2\/users\/1"}],"replies":[{"embeddable":true,"href":"https:\/\/marinapau.com\/de\/wp-json\/wp\/v2\/comments?post=7660"}],"version-history":[{"count":0,"href":"https:\/\/marinapau.com\/de\/wp-json\/wp\/v2\/pages\/7660\/revisions"}],"wp:attachment":[{"href":"https:\/\/marinapau.com\/de\/wp-json\/wp\/v2\/media?parent=7660"}],"curies":[{"name":"wp","href":"https:\/\/api.w.org\/{rel}","templated":true}]}}