{"id":7872,"date":"2025-12-03T09:28:22","date_gmt":"2025-12-03T09:28:22","guid":{"rendered":"https:\/\/marinapau.com\/?post_type=product&#038;p=7872"},"modified":"2026-03-16T11:50:56","modified_gmt":"2026-03-16T11:50:56","slug":"muneca-bebe-reborn-45-cm-alina-petit-fleur","status":"publish","type":"product","link":"https:\/\/marinapau.com\/de\/producto\/muneca-bebe-reborn-45-cm-alina-petit-fleur\/","title":{"rendered":"MU\u00d1ECA BEB\u00c9 REBORN 45 CM. ALINA PETIT FLEUR"},"content":{"rendered":"","protected":false},"excerpt":{"rendered":"<p>Ref. 3002<\/p>\n<table width=\"599\">\n<tbody>\n<tr>\n<td width=\"599\">Mu\u00f1eca beb\u00e9 reborn de 45 cm totalmente fabricada en Espa\u00f1a con materiales de gran calidad. Est\u00e1 fabricada artesanalmente con detalles muy realistas como el peso (1,700 kg) y las venitas y arrugas en sus extremidades y cabecita. Es articulada, adopta las posturas de un beb\u00e9. Tiene el cuerpo blandito de tela y las extremidades de vinil. Viste un bonito conjunto con chaquetita de lana, diadema, calcetines y zapatitos a juego. Incluye chupete, mordedor y certificado de nacimiento. Presentaci\u00f3n en estuche. Recomendada para mayores de 3 a\u00f1os.<\/td>\n<\/tr>\n<\/tbody>\n<\/table>\n","protected":false},"featured_media":7878,"template":"","meta":{"site-sidebar-layout":"default","site-content-layout":"","ast-site-content-layout":"default","site-content-style":"default","site-sidebar-style":"default","ast-global-header-display":"","ast-banner-title-visibility":"","ast-main-header-display":"","ast-hfb-above-header-display":"","ast-hfb-below-header-display":"","ast-hfb-mobile-header-display":"","site-post-title":"","ast-breadcrumbs-content":"","ast-featured-img":"","footer-sml-layout":"","theme-transparent-header-meta":"default","adv-header-id-meta":"","stick-header-meta":"","header-above-stick-meta":"","header-main-stick-meta":"","header-below-stick-meta":"","astra-migrate-meta-layouts":"set","ast-page-background-enabled":"default","ast-page-background-meta":{"desktop":{"background-color":"","background-image":"","background-repeat":"repeat","background-position":"center center","background-size":"auto","background-attachment":"scroll","background-type":"","background-media":"","overlay-type":"","overlay-color":"","overlay-opacity":"","overlay-gradient":""},"tablet":{"background-color":"","background-image":"","background-repeat":"repeat","background-position":"center center","background-size":"auto","background-attachment":"scroll","background-type":"","background-media":"","overlay-type":"","overlay-color":"","overlay-opacity":"","overlay-gradient":""},"mobile":{"background-color":"","background-image":"","background-repeat":"repeat","background-position":"center center","background-size":"auto","background-attachment":"scroll","background-type":"","background-media":"","overlay-type":"","overlay-color":"","overlay-opacity":"","overlay-gradient":""}},"ast-content-background-meta":{"desktop":{"background-color":"var(--ast-global-color-5)","background-image":"","background-repeat":"repeat","background-position":"center center","background-size":"auto","background-attachment":"scroll","background-type":"","background-media":"","overlay-type":"","overlay-color":"","overlay-opacity":"","overlay-gradient":""},"tablet":{"background-color":"var(--ast-global-color-5)","background-image":"","background-repeat":"repeat","background-position":"center center","background-size":"auto","background-attachment":"scroll","background-type":"","background-media":"","overlay-type":"","overlay-color":"","overlay-opacity":"","overlay-gradient":""},"mobile":{"background-color":"var(--ast-global-color-5)","background-image":"","background-repeat":"repeat","background-position":"center center","background-size":"auto","background-attachment":"scroll","background-type":"","background-media":"","overlay-type":"","overlay-color":"","overlay-opacity":"","overlay-gradient":""}}},"product_brand":[],"product_cat":[178],"product_tag":[],"class_list":{"0":"post-7872","1":"product","2":"type-product","3":"status-publish","4":"has-post-thumbnail","6":"product_cat-bebe-reborn","7":"desktop-align-left","8":"tablet-align-left","9":"mobile-align-left","10":"ast-product-gallery-layout-first-image-large","11":"ast-magnify-disabled","12":"ast-product-tabs-layout-horizontal","13":"ast-qv-on-image","15":"first","16":"instock","17":"taxable","18":"shipping-taxable","19":"purchasable","20":"product-type-simple"},"_links":{"self":[{"href":"https:\/\/marinapau.com\/de\/wp-json\/wp\/v2\/product\/7872","targetHints":{"allow":["GET"]}}],"collection":[{"href":"https:\/\/marinapau.com\/de\/wp-json\/wp\/v2\/product"}],"about":[{"href":"https:\/\/marinapau.com\/de\/wp-json\/wp\/v2\/types\/product"}],"version-history":[{"count":3,"href":"https:\/\/marinapau.com\/de\/wp-json\/wp\/v2\/product\/7872\/revisions"}],"predecessor-version":[{"id":8732,"href":"https:\/\/marinapau.com\/de\/wp-json\/wp\/v2\/product\/7872\/revisions\/8732"}],"wp:featuredmedia":[{"embeddable":true,"href":"https:\/\/marinapau.com\/de\/wp-json\/wp\/v2\/media\/7878"}],"wp:attachment":[{"href":"https:\/\/marinapau.com\/de\/wp-json\/wp\/v2\/media?parent=7872"}],"wp:term":[{"taxonomy":"product_brand","embeddable":true,"href":"https:\/\/marinapau.com\/de\/wp-json\/wp\/v2\/product_brand?post=7872"},{"taxonomy":"product_cat","embeddable":true,"href":"https:\/\/marinapau.com\/de\/wp-json\/wp\/v2\/product_cat?post=7872"},{"taxonomy":"product_tag","embeddable":true,"href":"https:\/\/marinapau.com\/de\/wp-json\/wp\/v2\/product_tag?post=7872"}],"curies":[{"name":"wp","href":"https:\/\/api.w.org\/{rel}","templated":true}]}}