{"id":8915,"date":"2026-03-24T11:58:24","date_gmt":"2026-03-24T11:58:24","guid":{"rendered":"https:\/\/marinapau.com\/?post_type=product&#038;p=8915"},"modified":"2026-03-24T11:58:24","modified_gmt":"2026-03-24T11:58:24","slug":"muneca-bebe-45-cm-ane-baby-nursery","status":"publish","type":"product","link":"https:\/\/marinapau.com\/de\/producto\/muneca-bebe-45-cm-ane-baby-nursery\/","title":{"rendered":"MU\u00d1ECA BEB\u00c9 45 CM. ANE BABY NURSERY"},"content":{"rendered":"","protected":false},"excerpt":{"rendered":"<p>Ref. 1627<\/p>\n<table width=\"599\">\n<tbody>\n<tr>\n<td width=\"599\">Mu\u00f1eca beb\u00e9 de 45 cm totalmente fabricada en Espa\u00f1a con materiales de gran calidad. Tiene el cuerpo de vinil, sexado y con un sistema especial que minimiza la entrada de agua en la mu\u00f1eca al ba\u00f1arla. Lleva pa\u00f1al, pulsera identificativa, rebeca y gorro con orejitas a juego. Incluye chupete con chupetero con clip pl\u00e1stico y bolsita con otro pa\u00f1al y un biber\u00f3n. Presentada en estuche. Recomendada para mayores de 3 a\u00f1os.<\/td>\n<\/tr>\n<\/tbody>\n<\/table>\n<p><img decoding=\"async\" class=\"alignnone size-thumbnail wp-image-8557\" src=\"https:\/\/marinapau.com\/wp-content\/uploads\/2025\/12\/ICONOS-FINALES-MARINA-I-PAU-21102024_-20-150x150.jpg\" alt=\"\" width=\"150\" height=\"150\" srcset=\"https:\/\/marinapau.com\/wp-content\/uploads\/2025\/12\/ICONOS-FINALES-MARINA-I-PAU-21102024_-20-150x150.jpg 150w, https:\/\/marinapau.com\/wp-content\/uploads\/2025\/12\/ICONOS-FINALES-MARINA-I-PAU-21102024_-20-300x300.jpg 300w, https:\/\/marinapau.com\/wp-content\/uploads\/2025\/12\/ICONOS-FINALES-MARINA-I-PAU-21102024_-20-100x100.jpg 100w\" sizes=\"(max-width: 150px) 100vw, 150px\" \/> <img decoding=\"async\" class=\"alignnone size-thumbnail wp-image-8513\" src=\"https:\/\/marinapau.com\/wp-content\/uploads\/2025\/12\/ICONOS-FINALES-MARINA-I-PAU-21102024_-1-ALTURA-MUNECA-45-CM-18-inches-GRIS-150x150.jpg\" alt=\"\" width=\"150\" height=\"150\" srcset=\"https:\/\/marinapau.com\/wp-content\/uploads\/2025\/12\/ICONOS-FINALES-MARINA-I-PAU-21102024_-1-ALTURA-MUNECA-45-CM-18-inches-GRIS-150x150.jpg 150w, https:\/\/marinapau.com\/wp-content\/uploads\/2025\/12\/ICONOS-FINALES-MARINA-I-PAU-21102024_-1-ALTURA-MUNECA-45-CM-18-inches-GRIS-300x300.jpg 300w, https:\/\/marinapau.com\/wp-content\/uploads\/2025\/12\/ICONOS-FINALES-MARINA-I-PAU-21102024_-1-ALTURA-MUNECA-45-CM-18-inches-GRIS-1024x1024.jpg 1024w, https:\/\/marinapau.com\/wp-content\/uploads\/2025\/12\/ICONOS-FINALES-MARINA-I-PAU-21102024_-1-ALTURA-MUNECA-45-CM-18-inches-GRIS-768x768.jpg 768w, https:\/\/marinapau.com\/wp-content\/uploads\/2025\/12\/ICONOS-FINALES-MARINA-I-PAU-21102024_-1-ALTURA-MUNECA-45-CM-18-inches-GRIS-1536x1536.jpg 1536w, https:\/\/marinapau.com\/wp-content\/uploads\/2025\/12\/ICONOS-FINALES-MARINA-I-PAU-21102024_-1-ALTURA-MUNECA-45-CM-18-inches-GRIS-2048x2048.jpg 2048w, https:\/\/marinapau.com\/wp-content\/uploads\/2025\/12\/ICONOS-FINALES-MARINA-I-PAU-21102024_-1-ALTURA-MUNECA-45-CM-18-inches-GRIS-600x600.jpg 600w, https:\/\/marinapau.com\/wp-content\/uploads\/2025\/12\/ICONOS-FINALES-MARINA-I-PAU-21102024_-1-ALTURA-MUNECA-45-CM-18-inches-GRIS-100x100.jpg 100w, https:\/\/marinapau.com\/wp-content\/uploads\/2025\/12\/ICONOS-FINALES-MARINA-I-PAU-21102024_-1-ALTURA-MUNECA-45-CM-18-inches-GRIS-64x64.jpg 64w\" sizes=\"(max-width: 150px) 100vw, 150px\" \/> <img decoding=\"async\" class=\"alignnone size-thumbnail wp-image-8527\" src=\"https:\/\/marinapau.com\/wp-content\/uploads\/2025\/12\/ICONOS-FINALES-MARINA-I-PAU-21102024_-4-150x150.jpg\" alt=\"\" width=\"150\" height=\"150\" srcset=\"https:\/\/marinapau.com\/wp-content\/uploads\/2025\/12\/ICONOS-FINALES-MARINA-I-PAU-21102024_-4-150x150.jpg 150w, https:\/\/marinapau.com\/wp-content\/uploads\/2025\/12\/ICONOS-FINALES-MARINA-I-PAU-21102024_-4-300x300.jpg 300w, https:\/\/marinapau.com\/wp-content\/uploads\/2025\/12\/ICONOS-FINALES-MARINA-I-PAU-21102024_-4-1024x1024.jpg 1024w, https:\/\/marinapau.com\/wp-content\/uploads\/2025\/12\/ICONOS-FINALES-MARINA-I-PAU-21102024_-4-768x768.jpg 768w, https:\/\/marinapau.com\/wp-content\/uploads\/2025\/12\/ICONOS-FINALES-MARINA-I-PAU-21102024_-4-1536x1536.jpg 1536w, https:\/\/marinapau.com\/wp-content\/uploads\/2025\/12\/ICONOS-FINALES-MARINA-I-PAU-21102024_-4-2048x2048.jpg 2048w, https:\/\/marinapau.com\/wp-content\/uploads\/2025\/12\/ICONOS-FINALES-MARINA-I-PAU-21102024_-4-600x600.jpg 600w, https:\/\/marinapau.com\/wp-content\/uploads\/2025\/12\/ICONOS-FINALES-MARINA-I-PAU-21102024_-4-100x100.jpg 100w, https:\/\/marinapau.com\/wp-content\/uploads\/2025\/12\/ICONOS-FINALES-MARINA-I-PAU-21102024_-4-64x64.jpg 64w\" sizes=\"(max-width: 150px) 100vw, 150px\" \/> <img loading=\"lazy\" decoding=\"async\" class=\"alignnone size-thumbnail wp-image-8530\" src=\"https:\/\/marinapau.com\/wp-content\/uploads\/2025\/12\/ICONOS-FINALES-MARINA-I-PAU-21102024_-5-150x150.jpg\" alt=\"\" width=\"150\" height=\"150\" srcset=\"https:\/\/marinapau.com\/wp-content\/uploads\/2025\/12\/ICONOS-FINALES-MARINA-I-PAU-21102024_-5-150x150.jpg 150w, https:\/\/marinapau.com\/wp-content\/uploads\/2025\/12\/ICONOS-FINALES-MARINA-I-PAU-21102024_-5-300x300.jpg 300w, https:\/\/marinapau.com\/wp-content\/uploads\/2025\/12\/ICONOS-FINALES-MARINA-I-PAU-21102024_-5-1024x1024.jpg 1024w, https:\/\/marinapau.com\/wp-content\/uploads\/2025\/12\/ICONOS-FINALES-MARINA-I-PAU-21102024_-5-768x768.jpg 768w, https:\/\/marinapau.com\/wp-content\/uploads\/2025\/12\/ICONOS-FINALES-MARINA-I-PAU-21102024_-5-1536x1536.jpg 1536w, https:\/\/marinapau.com\/wp-content\/uploads\/2025\/12\/ICONOS-FINALES-MARINA-I-PAU-21102024_-5-2048x2048.jpg 2048w, https:\/\/marinapau.com\/wp-content\/uploads\/2025\/12\/ICONOS-FINALES-MARINA-I-PAU-21102024_-5-600x600.jpg 600w, https:\/\/marinapau.com\/wp-content\/uploads\/2025\/12\/ICONOS-FINALES-MARINA-I-PAU-21102024_-5-100x100.jpg 100w, https:\/\/marinapau.com\/wp-content\/uploads\/2025\/12\/ICONOS-FINALES-MARINA-I-PAU-21102024_-5-64x64.jpg 64w\" sizes=\"(max-width: 150px) 100vw, 150px\" \/> <img loading=\"lazy\" decoding=\"async\" class=\"alignnone size-thumbnail wp-image-8547\" src=\"https:\/\/marinapau.com\/wp-content\/uploads\/2025\/12\/ICONOS-FINALES-MARINA-I-PAU-21102024_-17-150x150.jpg\" alt=\"\" width=\"150\" height=\"150\" srcset=\"https:\/\/marinapau.com\/wp-content\/uploads\/2025\/12\/ICONOS-FINALES-MARINA-I-PAU-21102024_-17-150x150.jpg 150w, https:\/\/marinapau.com\/wp-content\/uploads\/2025\/12\/ICONOS-FINALES-MARINA-I-PAU-21102024_-17-300x300.jpg 300w, https:\/\/marinapau.com\/wp-content\/uploads\/2025\/12\/ICONOS-FINALES-MARINA-I-PAU-21102024_-17-1024x1024.jpg 1024w, https:\/\/marinapau.com\/wp-content\/uploads\/2025\/12\/ICONOS-FINALES-MARINA-I-PAU-21102024_-17-768x768.jpg 768w, https:\/\/marinapau.com\/wp-content\/uploads\/2025\/12\/ICONOS-FINALES-MARINA-I-PAU-21102024_-17-1536x1536.jpg 1536w, https:\/\/marinapau.com\/wp-content\/uploads\/2025\/12\/ICONOS-FINALES-MARINA-I-PAU-21102024_-17-2048x2048.jpg 2048w, https:\/\/marinapau.com\/wp-content\/uploads\/2025\/12\/ICONOS-FINALES-MARINA-I-PAU-21102024_-17-600x600.jpg 600w, https:\/\/marinapau.com\/wp-content\/uploads\/2025\/12\/ICONOS-FINALES-MARINA-I-PAU-21102024_-17-100x100.jpg 100w, https:\/\/marinapau.com\/wp-content\/uploads\/2025\/12\/ICONOS-FINALES-MARINA-I-PAU-21102024_-17-64x64.jpg 64w\" sizes=\"(max-width: 150px) 100vw, 150px\" \/> <img loading=\"lazy\" decoding=\"async\" class=\"alignnone size-thumbnail wp-image-8539\" src=\"https:\/\/marinapau.com\/wp-content\/uploads\/2025\/12\/ICONOS-FINALES-MARINA-I-PAU-21102024_-10-150x150.jpg\" alt=\"\" width=\"150\" height=\"150\" srcset=\"https:\/\/marinapau.com\/wp-content\/uploads\/2025\/12\/ICONOS-FINALES-MARINA-I-PAU-21102024_-10-150x150.jpg 150w, https:\/\/marinapau.com\/wp-content\/uploads\/2025\/12\/ICONOS-FINALES-MARINA-I-PAU-21102024_-10-300x300.jpg 300w, https:\/\/marinapau.com\/wp-content\/uploads\/2025\/12\/ICONOS-FINALES-MARINA-I-PAU-21102024_-10-100x100.jpg 100w\" sizes=\"(max-width: 150px) 100vw, 150px\" \/> <img loading=\"lazy\" decoding=\"async\" class=\"alignnone size-thumbnail wp-image-8538\" src=\"https:\/\/marinapau.com\/wp-content\/uploads\/2025\/12\/ICONOS-FINALES-MARINA-I-PAU-21102024_-9-150x150.jpg\" alt=\"\" width=\"150\" height=\"150\" srcset=\"https:\/\/marinapau.com\/wp-content\/uploads\/2025\/12\/ICONOS-FINALES-MARINA-I-PAU-21102024_-9-150x150.jpg 150w, https:\/\/marinapau.com\/wp-content\/uploads\/2025\/12\/ICONOS-FINALES-MARINA-I-PAU-21102024_-9-300x300.jpg 300w, https:\/\/marinapau.com\/wp-content\/uploads\/2025\/12\/ICONOS-FINALES-MARINA-I-PAU-21102024_-9-1024x1024.jpg 1024w, https:\/\/marinapau.com\/wp-content\/uploads\/2025\/12\/ICONOS-FINALES-MARINA-I-PAU-21102024_-9-768x768.jpg 768w, https:\/\/marinapau.com\/wp-content\/uploads\/2025\/12\/ICONOS-FINALES-MARINA-I-PAU-21102024_-9-1536x1536.jpg 1536w, https:\/\/marinapau.com\/wp-content\/uploads\/2025\/12\/ICONOS-FINALES-MARINA-I-PAU-21102024_-9-2048x2048.jpg 2048w, https:\/\/marinapau.com\/wp-content\/uploads\/2025\/12\/ICONOS-FINALES-MARINA-I-PAU-21102024_-9-600x600.jpg 600w, https:\/\/marinapau.com\/wp-content\/uploads\/2025\/12\/ICONOS-FINALES-MARINA-I-PAU-21102024_-9-100x100.jpg 100w, https:\/\/marinapau.com\/wp-content\/uploads\/2025\/12\/ICONOS-FINALES-MARINA-I-PAU-21102024_-9-64x64.jpg 64w\" sizes=\"(max-width: 150px) 100vw, 150px\" \/> <img loading=\"lazy\" decoding=\"async\" class=\"alignnone size-thumbnail wp-image-8546\" src=\"https:\/\/marinapau.com\/wp-content\/uploads\/2025\/12\/ICONOS-FINALES-MARINA-I-PAU-21102024_-16-150x150.jpg\" alt=\"\" width=\"150\" height=\"150\" srcset=\"https:\/\/marinapau.com\/wp-content\/uploads\/2025\/12\/ICONOS-FINALES-MARINA-I-PAU-21102024_-16-150x150.jpg 150w, https:\/\/marinapau.com\/wp-content\/uploads\/2025\/12\/ICONOS-FINALES-MARINA-I-PAU-21102024_-16-300x300.jpg 300w, https:\/\/marinapau.com\/wp-content\/uploads\/2025\/12\/ICONOS-FINALES-MARINA-I-PAU-21102024_-16-1024x1024.jpg 1024w, https:\/\/marinapau.com\/wp-content\/uploads\/2025\/12\/ICONOS-FINALES-MARINA-I-PAU-21102024_-16-768x768.jpg 768w, https:\/\/marinapau.com\/wp-content\/uploads\/2025\/12\/ICONOS-FINALES-MARINA-I-PAU-21102024_-16-1536x1536.jpg 1536w, https:\/\/marinapau.com\/wp-content\/uploads\/2025\/12\/ICONOS-FINALES-MARINA-I-PAU-21102024_-16-2048x2048.jpg 2048w, https:\/\/marinapau.com\/wp-content\/uploads\/2025\/12\/ICONOS-FINALES-MARINA-I-PAU-21102024_-16-600x600.jpg 600w, https:\/\/marinapau.com\/wp-content\/uploads\/2025\/12\/ICONOS-FINALES-MARINA-I-PAU-21102024_-16-100x100.jpg 100w, https:\/\/marinapau.com\/wp-content\/uploads\/2025\/12\/ICONOS-FINALES-MARINA-I-PAU-21102024_-16-64x64.jpg 64w\" sizes=\"(max-width: 150px) 100vw, 150px\" \/> <img loading=\"lazy\" decoding=\"async\" class=\"alignnone size-thumbnail wp-image-8550\" src=\"https:\/\/marinapau.com\/wp-content\/uploads\/2025\/12\/ICONOS-FINALES-MARINA-I-PAU-21102024_-19-BOX-150x150.jpg\" alt=\"\" width=\"150\" height=\"150\" srcset=\"https:\/\/marinapau.com\/wp-content\/uploads\/2025\/12\/ICONOS-FINALES-MARINA-I-PAU-21102024_-19-BOX-150x150.jpg 150w, https:\/\/marinapau.com\/wp-content\/uploads\/2025\/12\/ICONOS-FINALES-MARINA-I-PAU-21102024_-19-BOX-300x300.jpg 300w, https:\/\/marinapau.com\/wp-content\/uploads\/2025\/12\/ICONOS-FINALES-MARINA-I-PAU-21102024_-19-BOX-1024x1024.jpg 1024w, https:\/\/marinapau.com\/wp-content\/uploads\/2025\/12\/ICONOS-FINALES-MARINA-I-PAU-21102024_-19-BOX-768x768.jpg 768w, https:\/\/marinapau.com\/wp-content\/uploads\/2025\/12\/ICONOS-FINALES-MARINA-I-PAU-21102024_-19-BOX-1536x1536.jpg 1536w, https:\/\/marinapau.com\/wp-content\/uploads\/2025\/12\/ICONOS-FINALES-MARINA-I-PAU-21102024_-19-BOX-2048x2048.jpg 2048w, https:\/\/marinapau.com\/wp-content\/uploads\/2025\/12\/ICONOS-FINALES-MARINA-I-PAU-21102024_-19-BOX-600x600.jpg 600w, https:\/\/marinapau.com\/wp-content\/uploads\/2025\/12\/ICONOS-FINALES-MARINA-I-PAU-21102024_-19-BOX-100x100.jpg 100w, https:\/\/marinapau.com\/wp-content\/uploads\/2025\/12\/ICONOS-FINALES-MARINA-I-PAU-21102024_-19-BOX-64x64.jpg 64w\" sizes=\"(max-width: 150px) 100vw, 150px\" \/><\/p>\n","protected":false},"featured_media":8916,"template":"","meta":{"site-sidebar-layout":"default","site-content-layout":"","ast-site-content-layout":"default","site-content-style":"default","site-sidebar-style":"default","ast-global-header-display":"","ast-banner-title-visibility":"","ast-main-header-display":"","ast-hfb-above-header-display":"","ast-hfb-below-header-display":"","ast-hfb-mobile-header-display":"","site-post-title":"","ast-breadcrumbs-content":"","ast-featured-img":"","footer-sml-layout":"","theme-transparent-header-meta":"default","adv-header-id-meta":"","stick-header-meta":"","header-above-stick-meta":"","header-main-stick-meta":"","header-below-stick-meta":"","astra-migrate-meta-layouts":"set","ast-page-background-enabled":"default","ast-page-background-meta":{"desktop":{"background-color":"","background-image":"","background-repeat":"repeat","background-position":"center center","background-size":"auto","background-attachment":"scroll","background-type":"","background-media":"","overlay-type":"","overlay-color":"","overlay-opacity":"","overlay-gradient":""},"tablet":{"background-color":"","background-image":"","background-repeat":"repeat","background-position":"center center","background-size":"auto","background-attachment":"scroll","background-type":"","background-media":"","overlay-type":"","overlay-color":"","overlay-opacity":"","overlay-gradient":""},"mobile":{"background-color":"","background-image":"","background-repeat":"repeat","background-position":"center center","background-size":"auto","background-attachment":"scroll","background-type":"","background-media":"","overlay-type":"","overlay-color":"","overlay-opacity":"","overlay-gradient":""}},"ast-content-background-meta":{"desktop":{"background-color":"var(--ast-global-color-5)","background-image":"","background-repeat":"repeat","background-position":"center center","background-size":"auto","background-attachment":"scroll","background-type":"","background-media":"","overlay-type":"","overlay-color":"","overlay-opacity":"","overlay-gradient":""},"tablet":{"background-color":"var(--ast-global-color-5)","background-image":"","background-repeat":"repeat","background-position":"center center","background-size":"auto","background-attachment":"scroll","background-type":"","background-media":"","overlay-type":"","overlay-color":"","overlay-opacity":"","overlay-gradient":""},"mobile":{"background-color":"var(--ast-global-color-5)","background-image":"","background-repeat":"repeat","background-position":"center center","background-size":"auto","background-attachment":"scroll","background-type":"","background-media":"","overlay-type":"","overlay-color":"","overlay-opacity":"","overlay-gradient":""}}},"product_brand":[],"product_cat":[182],"product_tag":[],"class_list":{"0":"post-8915","1":"product","2":"type-product","3":"status-publish","4":"has-post-thumbnail","6":"product_cat-bebe","7":"desktop-align-left","8":"tablet-align-left","9":"mobile-align-left","10":"ast-product-gallery-layout-first-image-large","11":"ast-magnify-disabled","12":"ast-product-tabs-layout-horizontal","13":"ast-qv-on-image","15":"first","16":"instock","17":"taxable","18":"shipping-taxable","19":"purchasable","20":"product-type-simple"},"_links":{"self":[{"href":"https:\/\/marinapau.com\/de\/wp-json\/wp\/v2\/product\/8915","targetHints":{"allow":["GET"]}}],"collection":[{"href":"https:\/\/marinapau.com\/de\/wp-json\/wp\/v2\/product"}],"about":[{"href":"https:\/\/marinapau.com\/de\/wp-json\/wp\/v2\/types\/product"}],"version-history":[{"count":2,"href":"https:\/\/marinapau.com\/de\/wp-json\/wp\/v2\/product\/8915\/revisions"}],"predecessor-version":[{"id":8918,"href":"https:\/\/marinapau.com\/de\/wp-json\/wp\/v2\/product\/8915\/revisions\/8918"}],"wp:featuredmedia":[{"embeddable":true,"href":"https:\/\/marinapau.com\/de\/wp-json\/wp\/v2\/media\/8916"}],"wp:attachment":[{"href":"https:\/\/marinapau.com\/de\/wp-json\/wp\/v2\/media?parent=8915"}],"wp:term":[{"taxonomy":"product_brand","embeddable":true,"href":"https:\/\/marinapau.com\/de\/wp-json\/wp\/v2\/product_brand?post=8915"},{"taxonomy":"product_cat","embeddable":true,"href":"https:\/\/marinapau.com\/de\/wp-json\/wp\/v2\/product_cat?post=8915"},{"taxonomy":"product_tag","embeddable":true,"href":"https:\/\/marinapau.com\/de\/wp-json\/wp\/v2\/product_tag?post=8915"}],"curies":[{"name":"wp","href":"https:\/\/api.w.org\/{rel}","templated":true}]}}