{"id":7513,"date":"2023-06-09T06:56:07","date_gmt":"2023-06-09T06:56:07","guid":{"rendered":"https:\/\/marinapau.com\/soins-pour-vos-poupees\/"},"modified":"2025-11-17T08:03:22","modified_gmt":"2025-11-17T08:03:22","slug":"soins-pour-vos-poupees","status":"publish","type":"page","link":"https:\/\/marinapau.com\/fr\/soins-pour-vos-poupees\/","title":{"rendered":"Soins pour vos poup\u00e9es"},"content":{"rendered":"\t\t<div data-elementor-type=\"wp-page\" data-elementor-id=\"7513\" class=\"elementor elementor-7513 elementor-4707\" data-elementor-post-type=\"page\">\n\t\t\t\t\t\t<section class=\"elementor-section elementor-top-section elementor-element elementor-element-e645b55 elementor-section-full_width elementor-section-height-default elementor-section-height-default\" data-id=\"e645b55\" data-element_type=\"section\" data-e-type=\"section\" data-settings=\"{&quot;background_background&quot;:&quot;classic&quot;}\">\n\t\t\t\t\t\t<div class=\"elementor-container elementor-column-gap-default\">\n\t\t\t\t\t<div class=\"elementor-column elementor-col-100 elementor-top-column elementor-element elementor-element-def0494\" data-id=\"def0494\" data-element_type=\"column\" data-e-type=\"column\">\n\t\t\t<div class=\"elementor-widget-wrap\">\n\t\t\t\t\t\t\t<\/div>\n\t\t<\/div>\n\t\t\t\t\t<\/div>\n\t\t<\/section>\n\t\t\t\t<section class=\"elementor-section elementor-top-section elementor-element elementor-element-52a0d27 elementor-section-boxed elementor-section-height-default elementor-section-height-default\" data-id=\"52a0d27\" data-element_type=\"section\" data-e-type=\"section\" data-settings=\"{&quot;background_background&quot;:&quot;classic&quot;}\">\n\t\t\t\t\t\t<div class=\"elementor-container elementor-column-gap-default\">\n\t\t\t\t\t<div class=\"elementor-column elementor-col-100 elementor-top-column elementor-element elementor-element-695cdd8\" data-id=\"695cdd8\" data-element_type=\"column\" data-e-type=\"column\">\n\t\t\t<div class=\"elementor-widget-wrap elementor-element-populated\">\n\t\t\t\t\t\t<div class=\"elementor-element elementor-element-647090d elementor-widget elementor-widget-heading\" data-id=\"647090d\" data-element_type=\"widget\" data-e-type=\"widget\" data-widget_type=\"heading.default\">\n\t\t\t\t<div class=\"elementor-widget-container\">\n\t\t\t\t\t<h1 class=\"elementor-heading-title elementor-size-default\">Soins pour vos poup\u00e9es<\/h1>\t\t\t\t<\/div>\n\t\t\t\t<\/div>\n\t\t\t\t\t<\/div>\n\t\t<\/div>\n\t\t\t\t\t<\/div>\n\t\t<\/section>\n\t\t\t\t<section class=\"elementor-section elementor-top-section elementor-element elementor-element-a33c3c9 elementor-section-boxed elementor-section-height-default elementor-section-height-default\" data-id=\"a33c3c9\" data-element_type=\"section\" data-e-type=\"section\" data-settings=\"{&quot;background_background&quot;:&quot;classic&quot;}\">\n\t\t\t\t\t\t\t<div class=\"elementor-background-overlay\"><\/div>\n\t\t\t\t\t\t\t<div class=\"elementor-container elementor-column-gap-default\">\n\t\t\t\t\t<div class=\"elementor-column elementor-col-50 elementor-top-column elementor-element elementor-element-75610db elementor-invisible\" data-id=\"75610db\" data-element_type=\"column\" data-e-type=\"column\" data-settings=\"{&quot;animation&quot;:&quot;fadeIn&quot;,&quot;animation_tablet&quot;:&quot;fadeIn&quot;,&quot;animation_mobile&quot;:&quot;none&quot;}\">\n\t\t\t<div class=\"elementor-widget-wrap elementor-element-populated\">\n\t\t\t\t\t\t<div class=\"elementor-element elementor-element-746a2c6 elementor-widget elementor-widget-heading\" data-id=\"746a2c6\" data-element_type=\"widget\" data-e-type=\"widget\" data-widget_type=\"heading.default\">\n\t\t\t\t<div class=\"elementor-widget-container\">\n\t\t\t\t\t<h2 class=\"elementor-heading-title elementor-size-default\">Poup\u00e9es en vinyle<\/h2>\t\t\t\t<\/div>\n\t\t\t\t<\/div>\n\t\t\t\t<div class=\"elementor-element elementor-element-51fd1a2 elementor-widget elementor-widget-text-editor\" data-id=\"51fd1a2\" data-element_type=\"widget\" data-e-type=\"widget\" data-widget_type=\"text-editor.default\">\n\t\t\t\t<div class=\"elementor-widget-container\">\n\t\t\t\t\t\t\t\t\t<p>La poup\u00e9e ne doit pas \u00eatre expos\u00e9e \u00e0 la chaleur, au froid ou \u00e0 une humidit\u00e9 extr\u00eame. Le vinyle peut s\u2019ab\u00eemer. <\/p><ul><li>our la nettoyer, il est conseill\u00e9 d\u2019utiliser une lingette ou du coton imbib\u00e9 d\u2019eau, sans frotter.<\/li><li>N&rsquo;utilisez jamais de lingettes pour b\u00e9b\u00e9s, car elles contiennent g\u00e9n\u00e9ralement de l&rsquo;alcool, qui endommage le vinyle.  <\/li><li>Il ne faut jamais utiliser de lingettes pour b\u00e9b\u00e9, car elles contiennent souvent de l\u2019alcool et celui-ci endommage le vinyle.<\/li><li>Si vous souhaitez parfumer la poup\u00e9e, mettez de l&rsquo;eau de Cologne sur ses v\u00eatements avant de les mettre, jamais sur son corps en tissu pour \u00e9viter les taches.<\/li><li>Faites attention \u00e0 ce qu\u2019aucun alcool ou parfum ne tombe sur les parties en vinyle.<br>Si vous souhaitez parfumer la poup\u00e9e, appliquez le parfum sur ses v\u00eatements avant de les lui mettre, jamais sur son corps en tissu afin d\u2019\u00e9viter les taches.   <\/li><li>Attention au frottement de v\u00eatements color\u00e9s sur le vinyle, comme le jean, les pulls rouges, etc. Il est conseill\u00e9 de la manipuler avec un petit ch\u00e2le. Si vous souhaitez lui changer ses v\u00eatements et lui mettre un jean ou des v\u00eatements de couleur fonc\u00e9e, il est recommand\u00e9 de lui mettre en dessous un collant ou un sous-v\u00eatement dont on sait qu\u2019il ne d\u00e9teint pas.<\/li><\/ul>\t\t\t\t\t\t\t\t<\/div>\n\t\t\t\t<\/div>\n\t\t\t\t\t<\/div>\n\t\t<\/div>\n\t\t\t\t<div class=\"elementor-column elementor-col-50 elementor-top-column elementor-element elementor-element-7bc2864 elementor-invisible\" data-id=\"7bc2864\" data-element_type=\"column\" data-e-type=\"column\" data-settings=\"{&quot;animation&quot;:&quot;fadeInRight&quot;,&quot;animation_tablet&quot;:&quot;fadeInRight&quot;,&quot;animation_mobile&quot;:&quot;none&quot;}\">\n\t\t\t<div class=\"elementor-widget-wrap elementor-element-populated\">\n\t\t\t\t\t\t<div class=\"elementor-element elementor-element-1f1cdaa elementor-widget elementor-widget-image\" data-id=\"1f1cdaa\" data-element_type=\"widget\" data-e-type=\"widget\" data-widget_type=\"image.default\">\n\t\t\t\t<div class=\"elementor-widget-container\">\n\t\t\t\t\t\t\t\t\t\t\t\t\t\t\t<img fetchpriority=\"high\" decoding=\"async\" width=\"586\" height=\"426\" src=\"https:\/\/marinapau.com\/wp-content\/uploads\/2023\/06\/consejos-munecas-vinilo-2-removebg-preview.png\" class=\"attachment-large size-large wp-image-7515\" alt=\"Mu\u00f1ecas de vinilo consejos para limpiar\" srcset=\"https:\/\/marinapau.com\/wp-content\/uploads\/2023\/06\/consejos-munecas-vinilo-2-removebg-preview.png 586w, https:\/\/marinapau.com\/wp-content\/uploads\/2023\/06\/consejos-munecas-vinilo-2-removebg-preview-64x47.png 64w, https:\/\/marinapau.com\/wp-content\/uploads\/2023\/06\/consejos-munecas-vinilo-2-removebg-preview-300x218.png 300w\" sizes=\"(max-width: 586px) 100vw, 586px\" \/>\t\t\t\t\t\t\t\t\t\t\t\t\t\t\t<\/div>\n\t\t\t\t<\/div>\n\t\t\t\t\t<\/div>\n\t\t<\/div>\n\t\t\t\t\t<\/div>\n\t\t<\/section>\n\t\t\t\t<section class=\"elementor-section elementor-top-section elementor-element elementor-element-093bb66 elementor-reverse-mobile elementor-section-boxed elementor-section-height-default elementor-section-height-default\" data-id=\"093bb66\" data-element_type=\"section\" data-e-type=\"section\" data-settings=\"{&quot;background_background&quot;:&quot;classic&quot;}\">\n\t\t\t\t\t\t\t<div class=\"elementor-background-overlay\"><\/div>\n\t\t\t\t\t\t\t<div class=\"elementor-container elementor-column-gap-default\">\n\t\t\t\t\t<div class=\"elementor-column elementor-col-50 elementor-top-column elementor-element elementor-element-fb3be70 elementor-invisible\" data-id=\"fb3be70\" data-element_type=\"column\" data-e-type=\"column\" data-settings=\"{&quot;animation&quot;:&quot;fadeInDown&quot;,&quot;animation_mobile&quot;:&quot;none&quot;}\">\n\t\t\t<div class=\"elementor-widget-wrap elementor-element-populated\">\n\t\t\t\t\t\t<div class=\"elementor-element elementor-element-9a5c55b elementor-widget elementor-widget-image\" data-id=\"9a5c55b\" data-element_type=\"widget\" data-e-type=\"widget\" data-widget_type=\"image.default\">\n\t\t\t\t<div class=\"elementor-widget-container\">\n\t\t\t\t\t\t\t\t\t\t\t\t\t\t\t<img decoding=\"async\" width=\"516\" height=\"484\" src=\"https:\/\/marinapau.com\/wp-content\/uploads\/2023\/06\/consejos-munecas-vinilo-1-removebg-preview.png\" class=\"attachment-large size-large wp-image-7516\" alt=\"\" srcset=\"https:\/\/marinapau.com\/wp-content\/uploads\/2023\/06\/consejos-munecas-vinilo-1-removebg-preview.png 516w, https:\/\/marinapau.com\/wp-content\/uploads\/2023\/06\/consejos-munecas-vinilo-1-removebg-preview-64x60.png 64w, https:\/\/marinapau.com\/wp-content\/uploads\/2023\/06\/consejos-munecas-vinilo-1-removebg-preview-300x281.png 300w\" sizes=\"(max-width: 516px) 100vw, 516px\" \/>\t\t\t\t\t\t\t\t\t\t\t\t\t\t\t<\/div>\n\t\t\t\t<\/div>\n\t\t\t\t\t<\/div>\n\t\t<\/div>\n\t\t\t\t<div class=\"elementor-column elementor-col-50 elementor-top-column elementor-element elementor-element-4512ba5 elementor-invisible\" data-id=\"4512ba5\" data-element_type=\"column\" data-e-type=\"column\" data-settings=\"{&quot;animation&quot;:&quot;fadeInUp&quot;,&quot;animation_mobile&quot;:&quot;none&quot;}\">\n\t\t\t<div class=\"elementor-widget-wrap elementor-element-populated\">\n\t\t\t\t\t\t<div class=\"elementor-element elementor-element-c1ddcf1 elementor-widget elementor-widget-heading\" data-id=\"c1ddcf1\" data-element_type=\"widget\" data-e-type=\"widget\" data-widget_type=\"heading.default\">\n\t\t\t\t<div class=\"elementor-widget-container\">\n\t\t\t\t\t<h2 class=\"elementor-heading-title elementor-size-default\">Poup\u00e9es en peluche<\/h2>\t\t\t\t<\/div>\n\t\t\t\t<\/div>\n\t\t\t\t<div class=\"elementor-element elementor-element-bdbccc7 elementor-widget elementor-widget-text-editor\" data-id=\"bdbccc7\" data-element_type=\"widget\" data-e-type=\"widget\" data-widget_type=\"text-editor.default\">\n\t\t\t\t<div class=\"elementor-widget-container\">\n\t\t\t\t\t\t\t\t\t<p>De nombreuses poup\u00e9es de notre collection sont remplies de fibres synth\u00e9tiques (ouate).<\/p>\n<ul>\n<li>Ne l&#8217;emmenez pas \u00e0 la plage, l&rsquo;humidit\u00e9 du sable peut humidifier la ouate \u00e0 l&rsquo;int\u00e9rieur et cr\u00e9er des moisissures et des mauvaises odeurs.<\/li>\n<li>Ne pas immerger dans l&rsquo;eau, l&rsquo;int\u00e9rieur peut pourrir \u00e0 cause de l&rsquo;humidit\u00e9.<\/li>\n<\/ul>\t\t\t\t\t\t\t\t<\/div>\n\t\t\t\t<\/div>\n\t\t\t\t\t<\/div>\n\t\t<\/div>\n\t\t\t\t\t<\/div>\n\t\t<\/section>\n\t\t\t\t<section class=\"elementor-section elementor-top-section elementor-element elementor-element-62e2feb elementor-section-boxed elementor-section-height-default elementor-section-height-default\" data-id=\"62e2feb\" data-element_type=\"section\" data-e-type=\"section\" data-settings=\"{&quot;background_background&quot;:&quot;classic&quot;}\">\n\t\t\t\t\t\t\t<div class=\"elementor-background-overlay\"><\/div>\n\t\t\t\t\t\t\t<div class=\"elementor-container elementor-column-gap-default\">\n\t\t\t\t\t<div class=\"elementor-column elementor-col-50 elementor-top-column elementor-element elementor-element-46c28e2 elementor-invisible\" data-id=\"46c28e2\" data-element_type=\"column\" data-e-type=\"column\" data-settings=\"{&quot;animation&quot;:&quot;fadeInLeft&quot;,&quot;animation_mobile&quot;:&quot;none&quot;}\">\n\t\t\t<div class=\"elementor-widget-wrap elementor-element-populated\">\n\t\t\t\t\t\t<div class=\"elementor-element elementor-element-c017f55 elementor-widget elementor-widget-heading\" data-id=\"c017f55\" data-element_type=\"widget\" data-e-type=\"widget\" data-widget_type=\"heading.default\">\n\t\t\t\t<div class=\"elementor-widget-container\">\n\t\t\t\t\t<h2 class=\"elementor-heading-title elementor-size-default\">Autres conseils pour vos poup\u00e9es<\/h2>\t\t\t\t<\/div>\n\t\t\t\t<\/div>\n\t\t\t\t<div class=\"elementor-element elementor-element-9138dda elementor-widget elementor-widget-text-editor\" data-id=\"9138dda\" data-element_type=\"widget\" data-e-type=\"widget\" data-widget_type=\"text-editor.default\">\n\t\t\t\t<div class=\"elementor-widget-container\">\n\t\t\t\t\t\t\t\t\t<ul><li><strong>Ne<\/strong> le placez <strong>pas<\/strong> \u00e0 proximit\u00e9 ou au-dessus d&rsquo;une chemin\u00e9e, d&rsquo;une cuisini\u00e8re ou d&rsquo;autres sources de chaleur.<\/li><li><strong>Ne<\/strong> le mettez <strong>pas<\/strong> dans les machines \u00e0 laver, les s\u00e8che-linge, les fours, les micro-ondes, etc.  <\/li><li><strong>Ne <\/strong>vous \u00e9tirez <strong>pas <\/strong>fortement sur un bras ou une jambe, car ils peuvent \u00eatre d\u00e9plac\u00e9s.<\/li><li>Veillez \u00e0 <strong>ne pas les laisser<\/strong> \u00e0 la port\u00e9e des animaux domestiques ou des b\u00e9b\u00e9s de moins de 3 ans, \u00e0 moins qu&rsquo;il ne s&rsquo;agisse de poup\u00e9es adapt\u00e9es \u00e0 leur \u00e2ge.<\/li><li><strong>N&rsquo;<\/strong> utilisez <strong>pas<\/strong> de cr\u00e8mes, de baumes ou d&rsquo;huiles de quelque nature que ce soit.<\/li><li><strong>Ne<\/strong> serrez <strong>pas<\/strong> les joues. L&rsquo;aimant situ\u00e9 \u00e0 l&rsquo;int\u00e9rieur de la bouche de certaines poup\u00e9es dot\u00e9es d&rsquo;un m\u00e9canisme peut se d\u00e9tacher et ne pas attraper la sucette. <\/li><\/ul>\t\t\t\t\t\t\t\t<\/div>\n\t\t\t\t<\/div>\n\t\t\t\t\t<\/div>\n\t\t<\/div>\n\t\t\t\t<div class=\"elementor-column elementor-col-50 elementor-top-column elementor-element elementor-element-6539ea6 elementor-invisible\" data-id=\"6539ea6\" data-element_type=\"column\" data-e-type=\"column\" data-settings=\"{&quot;animation&quot;:&quot;fadeInRight&quot;,&quot;animation_mobile&quot;:&quot;none&quot;}\">\n\t\t\t<div class=\"elementor-widget-wrap elementor-element-populated\">\n\t\t\t\t\t\t<div class=\"elementor-element elementor-element-e0aeca2 elementor-widget elementor-widget-image\" data-id=\"e0aeca2\" data-element_type=\"widget\" data-e-type=\"widget\" data-widget_type=\"image.default\">\n\t\t\t\t<div class=\"elementor-widget-container\">\n\t\t\t\t\t\t\t\t\t\t\t\t\t\t\t<img decoding=\"async\" width=\"819\" height=\"1024\" src=\"https:\/\/marinapau.com\/wp-content\/uploads\/2023\/09\/LEONOR-2-819x1024.png\" class=\"attachment-large size-large wp-image-7520\" alt=\"\" srcset=\"https:\/\/marinapau.com\/wp-content\/uploads\/2023\/09\/LEONOR-2-819x1024.png 819w, https:\/\/marinapau.com\/wp-content\/uploads\/2023\/09\/LEONOR-2-600x750.png 600w, https:\/\/marinapau.com\/wp-content\/uploads\/2023\/09\/LEONOR-2-64x80.png 64w, https:\/\/marinapau.com\/wp-content\/uploads\/2023\/09\/LEONOR-2-240x300.png 240w, https:\/\/marinapau.com\/wp-content\/uploads\/2023\/09\/LEONOR-2-768x960.png 768w, https:\/\/marinapau.com\/wp-content\/uploads\/2023\/09\/LEONOR-2-1229x1536.png 1229w, https:\/\/marinapau.com\/wp-content\/uploads\/2023\/09\/LEONOR-2-1638x2048.png 1638w, https:\/\/marinapau.com\/wp-content\/uploads\/2023\/09\/LEONOR-2-10x12.png 10w, https:\/\/marinapau.com\/wp-content\/uploads\/2023\/09\/LEONOR-2.png 1655w\" sizes=\"(max-width: 819px) 100vw, 819px\" \/>\t\t\t\t\t\t\t\t\t\t\t\t\t\t\t<\/div>\n\t\t\t\t<\/div>\n\t\t\t\t\t<\/div>\n\t\t<\/div>\n\t\t\t\t\t<\/div>\n\t\t<\/section>\n\t\t\t\t<\/div>\n\t\t","protected":false},"excerpt":{"rendered":"<p>Soins pour vos poup\u00e9es Poup\u00e9es en vinyle La poup\u00e9e ne doit pas \u00eatre expos\u00e9e \u00e0 la chaleur, au froid ou [&hellip;]<\/p>\n","protected":false},"author":1,"featured_media":0,"parent":0,"menu_order":0,"comment_status":"closed","ping_status":"closed","template":"","meta":{"site-sidebar-layout":"no-sidebar","site-content-layout":"page-builder","ast-site-content-layout":"default","site-content-style":"default","site-sidebar-style":"default","ast-global-header-display":"","ast-banner-title-visibility":"","ast-main-header-display":"","ast-hfb-above-header-display":"","ast-hfb-below-header-display":"","ast-hfb-mobile-header-display":"","site-post-title":"disabled","ast-breadcrumbs-content":"","ast-featured-img":"disabled","footer-sml-layout":"","theme-transparent-header-meta":"","adv-header-id-meta":"","stick-header-meta":"","header-above-stick-meta":"","header-main-stick-meta":"","header-below-stick-meta":"","astra-migrate-meta-layouts":"default","ast-page-background-enabled":"default","ast-page-background-meta":{"desktop":{"background-color":"","background-image":"","background-repeat":"repeat","background-position":"center center","background-size":"auto","background-attachment":"scroll","background-type":"","background-media":"","overlay-type":"","overlay-color":"","overlay-opacity":"","overlay-gradient":""},"tablet":{"background-color":"","background-image":"","background-repeat":"repeat","background-position":"center center","background-size":"auto","background-attachment":"scroll","background-type":"","background-media":"","overlay-type":"","overlay-color":"","overlay-opacity":"","overlay-gradient":""},"mobile":{"background-color":"","background-image":"","background-repeat":"repeat","background-position":"center center","background-size":"auto","background-attachment":"scroll","background-type":"","background-media":"","overlay-type":"","overlay-color":"","overlay-opacity":"","overlay-gradient":""}},"ast-content-background-meta":{"desktop":{"background-color":"var(--ast-global-color-5)","background-image":"","background-repeat":"repeat","background-position":"center center","background-size":"auto","background-attachment":"scroll","background-type":"","background-media":"","overlay-type":"","overlay-color":"","overlay-opacity":"","overlay-gradient":""},"tablet":{"background-color":"var(--ast-global-color-5)","background-image":"","background-repeat":"repeat","background-position":"center center","background-size":"auto","background-attachment":"scroll","background-type":"","background-media":"","overlay-type":"","overlay-color":"","overlay-opacity":"","overlay-gradient":""},"mobile":{"background-color":"var(--ast-global-color-5)","background-image":"","background-repeat":"repeat","background-position":"center center","background-size":"auto","background-attachment":"scroll","background-type":"","background-media":"","overlay-type":"","overlay-color":"","overlay-opacity":"","overlay-gradient":""}},"footnotes":""},"class_list":["post-7513","page","type-page","status-publish","hentry"],"_links":{"self":[{"href":"https:\/\/marinapau.com\/fr\/wp-json\/wp\/v2\/pages\/7513","targetHints":{"allow":["GET"]}}],"collection":[{"href":"https:\/\/marinapau.com\/fr\/wp-json\/wp\/v2\/pages"}],"about":[{"href":"https:\/\/marinapau.com\/fr\/wp-json\/wp\/v2\/types\/page"}],"author":[{"embeddable":true,"href":"https:\/\/marinapau.com\/fr\/wp-json\/wp\/v2\/users\/1"}],"replies":[{"embeddable":true,"href":"https:\/\/marinapau.com\/fr\/wp-json\/wp\/v2\/comments?post=7513"}],"version-history":[{"count":0,"href":"https:\/\/marinapau.com\/fr\/wp-json\/wp\/v2\/pages\/7513\/revisions"}],"wp:attachment":[{"href":"https:\/\/marinapau.com\/fr\/wp-json\/wp\/v2\/media?parent=7513"}],"curies":[{"name":"wp","href":"https:\/\/api.w.org\/{rel}","templated":true}]}}