{"id":7658,"date":"2023-05-26T11:49:03","date_gmt":"2023-05-26T11:49:03","guid":{"rendered":"https:\/\/marinapau.com\/declaration-daccessibilite\/"},"modified":"2025-11-19T07:59:27","modified_gmt":"2025-11-19T07:59:27","slug":"declaration-daccessibilite","status":"publish","type":"page","link":"https:\/\/marinapau.com\/fr\/declaration-daccessibilite\/","title":{"rendered":"D\u00e9claration d\u2019accessibilit\u00e9"},"content":{"rendered":"\n<p>En tant qu\u2019entreprise engag\u00e9e dans l\u2019accessibilit\u00e9 du web, nous nous effor\u00e7ons de garantir que notre site web soit accessible \u00e0 tous, y compris aux personnes en situation de handicap. Nous savons que l\u2019accessibilit\u00e9 du web est essentielle pour garantir \u00e0 tous des chances \u00e9gales dans l\u2019utilisation de la technologie et dans la participation \u00e0 la soci\u00e9t\u00e9 en ligne. <\/p>\n\n<p>Pour atteindre cet objectif, nous avons travaill\u00e9 dur pour respecter les directives d\u2019accessibilit\u00e9 web \u00e9tablies par le World Wide Web Consortium (W3C), y compris les Directives d\u2019accessibilit\u00e9 du contenu Web de niveau AA (WCAG) 2.1. Nous avons mis en place les meilleures pratiques pour rendre notre site web facilement accessible aux personnes malvoyantes, auditive, cognitive et physique. <\/p>\n\n<p>Parmi les mesures que nous avons prises figurent l\u2019utilisation de balises appropri\u00e9es dans notre code HTML pour fournir des descriptions d\u2019images et de liens, l\u2019utilisation de couleurs \u00e0 fort contraste pour am\u00e9liorer la lisibilit\u00e9, la mise \u00e0 disposition d\u2019alternatives audio pour le contenu vid\u00e9o et la garantie que notre site web est enti\u00e8rement navigable au clavier.<\/p>\n\n<p>Nous nous engageons \u00e0 continuer d\u2019am\u00e9liorer notre site web afin de garantir qu\u2019il soit accessible \u00e0 tous les utilisateurs, quels que soient leurs handicaps. Nous accueillons volontiers tout retour que nos utilisateurs pourront fournir concernant l\u2019accessibilit\u00e9 de notre site web, car cela nous aidera \u00e0 continuer \u00e0 am\u00e9liorer son accessibilit\u00e9 \u00e0 l\u2019avenir. <\/p>\n","protected":false},"excerpt":{"rendered":"<p>En tant qu\u2019entreprise engag\u00e9e dans l\u2019accessibilit\u00e9 du web, nous nous effor\u00e7ons de garantir que notre site web soit accessible \u00e0 [&hellip;]<\/p>\n","protected":false},"author":1,"featured_media":0,"parent":0,"menu_order":0,"comment_status":"closed","ping_status":"closed","template":"","meta":{"site-sidebar-layout":"default","site-content-layout":"","ast-site-content-layout":"default","site-content-style":"default","site-sidebar-style":"default","ast-global-header-display":"","ast-banner-title-visibility":"","ast-main-header-display":"","ast-hfb-above-header-display":"","ast-hfb-below-header-display":"","ast-hfb-mobile-header-display":"","site-post-title":"","ast-breadcrumbs-content":"","ast-featured-img":"","footer-sml-layout":"","theme-transparent-header-meta":"","adv-header-id-meta":"","stick-header-meta":"","header-above-stick-meta":"","header-main-stick-meta":"","header-below-stick-meta":"","astra-migrate-meta-layouts":"default","ast-page-background-enabled":"default","ast-page-background-meta":{"desktop":{"background-color":"","background-image":"","background-repeat":"repeat","background-position":"center center","background-size":"auto","background-attachment":"scroll","background-type":"","background-media":"","overlay-type":"","overlay-color":"","overlay-opacity":"","overlay-gradient":""},"tablet":{"background-color":"","background-image":"","background-repeat":"repeat","background-position":"center center","background-size":"auto","background-attachment":"scroll","background-type":"","background-media":"","overlay-type":"","overlay-color":"","overlay-opacity":"","overlay-gradient":""},"mobile":{"background-color":"","background-image":"","background-repeat":"repeat","background-position":"center center","background-size":"auto","background-attachment":"scroll","background-type":"","background-media":"","overlay-type":"","overlay-color":"","overlay-opacity":"","overlay-gradient":""}},"ast-content-background-meta":{"desktop":{"background-color":"var(--ast-global-color-5)","background-image":"","background-repeat":"repeat","background-position":"center center","background-size":"auto","background-attachment":"scroll","background-type":"","background-media":"","overlay-type":"","overlay-color":"","overlay-opacity":"","overlay-gradient":""},"tablet":{"background-color":"var(--ast-global-color-5)","background-image":"","background-repeat":"repeat","background-position":"center center","background-size":"auto","background-attachment":"scroll","background-type":"","background-media":"","overlay-type":"","overlay-color":"","overlay-opacity":"","overlay-gradient":""},"mobile":{"background-color":"var(--ast-global-color-5)","background-image":"","background-repeat":"repeat","background-position":"center center","background-size":"auto","background-attachment":"scroll","background-type":"","background-media":"","overlay-type":"","overlay-color":"","overlay-opacity":"","overlay-gradient":""}},"footnotes":""},"class_list":["post-7658","page","type-page","status-publish","hentry"],"_links":{"self":[{"href":"https:\/\/marinapau.com\/fr\/wp-json\/wp\/v2\/pages\/7658","targetHints":{"allow":["GET"]}}],"collection":[{"href":"https:\/\/marinapau.com\/fr\/wp-json\/wp\/v2\/pages"}],"about":[{"href":"https:\/\/marinapau.com\/fr\/wp-json\/wp\/v2\/types\/page"}],"author":[{"embeddable":true,"href":"https:\/\/marinapau.com\/fr\/wp-json\/wp\/v2\/users\/1"}],"replies":[{"embeddable":true,"href":"https:\/\/marinapau.com\/fr\/wp-json\/wp\/v2\/comments?post=7658"}],"version-history":[{"count":0,"href":"https:\/\/marinapau.com\/fr\/wp-json\/wp\/v2\/pages\/7658\/revisions"}],"wp:attachment":[{"href":"https:\/\/marinapau.com\/fr\/wp-json\/wp\/v2\/media?parent=7658"}],"curies":[{"name":"wp","href":"https:\/\/api.w.org\/{rel}","templated":true}]}}