{"id":6898,"date":"2023-06-09T06:56:07","date_gmt":"2023-06-09T06:56:07","guid":{"rendered":"https:\/\/marinapau.com\/cura-del-polso\/"},"modified":"2025-04-04T10:39:51","modified_gmt":"2025-04-04T10:39:51","slug":"cura-del-polso","status":"publish","type":"page","link":"https:\/\/marinapau.com\/it\/cura-del-polso\/","title":{"rendered":"Cura del polso"},"content":{"rendered":"\t\t<div data-elementor-type=\"wp-page\" data-elementor-id=\"6898\" class=\"elementor elementor-6898 elementor-4707\" data-elementor-post-type=\"page\">\n\t\t\t\t\t\t<section class=\"elementor-section elementor-top-section elementor-element elementor-element-e645b55 elementor-section-full_width elementor-section-height-default elementor-section-height-default\" data-id=\"e645b55\" data-element_type=\"section\" data-e-type=\"section\" data-settings=\"{&quot;background_background&quot;:&quot;classic&quot;}\">\n\t\t\t\t\t\t<div class=\"elementor-container elementor-column-gap-default\">\n\t\t\t\t\t<div class=\"elementor-column elementor-col-100 elementor-top-column elementor-element elementor-element-def0494\" data-id=\"def0494\" data-element_type=\"column\" data-e-type=\"column\">\n\t\t\t<div class=\"elementor-widget-wrap\">\n\t\t\t\t\t\t\t<\/div>\n\t\t<\/div>\n\t\t\t\t\t<\/div>\n\t\t<\/section>\n\t\t\t\t<section class=\"elementor-section elementor-top-section elementor-element elementor-element-52a0d27 elementor-section-boxed elementor-section-height-default elementor-section-height-default\" data-id=\"52a0d27\" data-element_type=\"section\" data-e-type=\"section\" data-settings=\"{&quot;background_background&quot;:&quot;classic&quot;}\">\n\t\t\t\t\t\t<div class=\"elementor-container elementor-column-gap-default\">\n\t\t\t\t\t<div class=\"elementor-column elementor-col-100 elementor-top-column elementor-element elementor-element-695cdd8\" data-id=\"695cdd8\" data-element_type=\"column\" data-e-type=\"column\">\n\t\t\t<div class=\"elementor-widget-wrap elementor-element-populated\">\n\t\t\t\t\t\t<div class=\"elementor-element elementor-element-647090d elementor-widget elementor-widget-heading\" data-id=\"647090d\" data-element_type=\"widget\" data-e-type=\"widget\" data-widget_type=\"heading.default\">\n\t\t\t\t<div class=\"elementor-widget-container\">\n\t\t\t\t\t<h1 class=\"elementor-heading-title elementor-size-default\">Cura dei tuoi polsi<\/h1>\t\t\t\t<\/div>\n\t\t\t\t<\/div>\n\t\t\t\t\t<\/div>\n\t\t<\/div>\n\t\t\t\t\t<\/div>\n\t\t<\/section>\n\t\t\t\t<section class=\"elementor-section elementor-top-section elementor-element elementor-element-a33c3c9 elementor-section-boxed elementor-section-height-default elementor-section-height-default\" data-id=\"a33c3c9\" data-element_type=\"section\" data-e-type=\"section\" data-settings=\"{&quot;background_background&quot;:&quot;classic&quot;}\">\n\t\t\t\t\t\t\t<div class=\"elementor-background-overlay\"><\/div>\n\t\t\t\t\t\t\t<div class=\"elementor-container elementor-column-gap-default\">\n\t\t\t\t\t<div class=\"elementor-column elementor-col-50 elementor-top-column elementor-element elementor-element-75610db elementor-invisible\" data-id=\"75610db\" data-element_type=\"column\" data-e-type=\"column\" data-settings=\"{&quot;animation&quot;:&quot;fadeIn&quot;,&quot;animation_tablet&quot;:&quot;fadeIn&quot;,&quot;animation_mobile&quot;:&quot;none&quot;}\">\n\t\t\t<div class=\"elementor-widget-wrap elementor-element-populated\">\n\t\t\t\t\t\t<div class=\"elementor-element elementor-element-746a2c6 elementor-widget elementor-widget-heading\" data-id=\"746a2c6\" data-element_type=\"widget\" data-e-type=\"widget\" data-widget_type=\"heading.default\">\n\t\t\t\t<div class=\"elementor-widget-container\">\n\t\t\t\t\t<h2 class=\"elementor-heading-title elementor-size-default\">Bambole in vinile<\/h2>\t\t\t\t<\/div>\n\t\t\t\t<\/div>\n\t\t\t\t<div class=\"elementor-element elementor-element-51fd1a2 elementor-widget elementor-widget-text-editor\" data-id=\"51fd1a2\" data-element_type=\"widget\" data-e-type=\"widget\" data-widget_type=\"text-editor.default\">\n\t\t\t\t<div class=\"elementor-widget-container\">\n\t\t\t\t\t\t\t\t\t<p>Il braccialetto non deve essere esposto a calore, freddo o umidit\u00e0 estremi. Il vinile potrebbe danneggiarsi. <\/p><ul><li>\u00c8 consigliabile lavarlo con una flanella o un batuffolo di cotone con acqua, senza strofinare.<\/li><li>Non usare mai salviette per bambini, perch\u00e9 di solito contengono alcol, che danneggia il vinile.  <\/li><li>Fai attenzione a non versare alcol o colonia sulle parti in vinile.<\/li><li>Se vuoi profumare la bambola, metti l&#8217;acqua di colonia sui suoi vestiti prima di indossarli, mai sul suo corpo di stoffa per evitare macchie.<\/li><li>Fai attenzione agli indumenti colorati che sfregano contro il vinile, come jeans, maglioni rossi, ecc. \u00c8 consigliabile tenerlo fermo con un asciugamano. Se vuoi cambiarti d&#8217;abito, indossare jeans o vestiti di colore forte, \u00e8 consigliabile mettere sotto dei collant o della biancheria intima di un colore che sappiamo non sbiadisce.    <\/li><li>Non dipingere la bambola con inchiostro, penna, pennarello ecc.<\/li><\/ul>\t\t\t\t\t\t\t\t<\/div>\n\t\t\t\t<\/div>\n\t\t\t\t\t<\/div>\n\t\t<\/div>\n\t\t\t\t<div class=\"elementor-column elementor-col-50 elementor-top-column elementor-element elementor-element-7bc2864 elementor-invisible\" data-id=\"7bc2864\" data-element_type=\"column\" data-e-type=\"column\" data-settings=\"{&quot;animation&quot;:&quot;fadeInRight&quot;,&quot;animation_tablet&quot;:&quot;fadeInRight&quot;,&quot;animation_mobile&quot;:&quot;none&quot;}\">\n\t\t\t<div class=\"elementor-widget-wrap elementor-element-populated\">\n\t\t\t\t\t\t<div class=\"elementor-element elementor-element-1f1cdaa elementor-widget elementor-widget-image\" data-id=\"1f1cdaa\" data-element_type=\"widget\" data-e-type=\"widget\" data-widget_type=\"image.default\">\n\t\t\t\t<div class=\"elementor-widget-container\">\n\t\t\t\t\t\t\t\t\t\t\t\t\t\t\t<img fetchpriority=\"high\" decoding=\"async\" width=\"586\" height=\"426\" src=\"https:\/\/marinapau.com\/wp-content\/uploads\/2023\/06\/consejos-munecas-vinilo-2-removebg-preview.png\" class=\"attachment-large size-large wp-image-6547\" alt=\"\" srcset=\"https:\/\/marinapau.com\/wp-content\/uploads\/2023\/06\/consejos-munecas-vinilo-2-removebg-preview.png 586w, https:\/\/marinapau.com\/wp-content\/uploads\/2023\/06\/consejos-munecas-vinilo-2-removebg-preview-64x47.png 64w, https:\/\/marinapau.com\/wp-content\/uploads\/2023\/06\/consejos-munecas-vinilo-2-removebg-preview-300x218.png 300w\" sizes=\"(max-width: 586px) 100vw, 586px\" \/>\t\t\t\t\t\t\t\t\t\t\t\t\t\t\t<\/div>\n\t\t\t\t<\/div>\n\t\t\t\t\t<\/div>\n\t\t<\/div>\n\t\t\t\t\t<\/div>\n\t\t<\/section>\n\t\t\t\t<section class=\"elementor-section elementor-top-section elementor-element elementor-element-093bb66 elementor-reverse-mobile elementor-section-boxed elementor-section-height-default elementor-section-height-default\" data-id=\"093bb66\" data-element_type=\"section\" data-e-type=\"section\" data-settings=\"{&quot;background_background&quot;:&quot;classic&quot;}\">\n\t\t\t\t\t\t\t<div class=\"elementor-background-overlay\"><\/div>\n\t\t\t\t\t\t\t<div class=\"elementor-container elementor-column-gap-default\">\n\t\t\t\t\t<div class=\"elementor-column elementor-col-50 elementor-top-column elementor-element elementor-element-fb3be70 elementor-invisible\" data-id=\"fb3be70\" data-element_type=\"column\" data-e-type=\"column\" data-settings=\"{&quot;animation&quot;:&quot;fadeInDown&quot;,&quot;animation_mobile&quot;:&quot;none&quot;}\">\n\t\t\t<div class=\"elementor-widget-wrap elementor-element-populated\">\n\t\t\t\t\t\t<div class=\"elementor-element elementor-element-9a5c55b elementor-widget elementor-widget-image\" data-id=\"9a5c55b\" data-element_type=\"widget\" data-e-type=\"widget\" data-widget_type=\"image.default\">\n\t\t\t\t<div class=\"elementor-widget-container\">\n\t\t\t\t\t\t\t\t\t\t\t\t\t\t\t<img decoding=\"async\" width=\"516\" height=\"484\" src=\"https:\/\/marinapau.com\/wp-content\/uploads\/2023\/06\/consejos-munecas-vinilo-1-removebg-preview.png\" class=\"attachment-large size-large wp-image-6549\" alt=\"\" srcset=\"https:\/\/marinapau.com\/wp-content\/uploads\/2023\/06\/consejos-munecas-vinilo-1-removebg-preview.png 516w, https:\/\/marinapau.com\/wp-content\/uploads\/2023\/06\/consejos-munecas-vinilo-1-removebg-preview-64x60.png 64w, https:\/\/marinapau.com\/wp-content\/uploads\/2023\/06\/consejos-munecas-vinilo-1-removebg-preview-300x281.png 300w\" sizes=\"(max-width: 516px) 100vw, 516px\" \/>\t\t\t\t\t\t\t\t\t\t\t\t\t\t\t<\/div>\n\t\t\t\t<\/div>\n\t\t\t\t\t<\/div>\n\t\t<\/div>\n\t\t\t\t<div class=\"elementor-column elementor-col-50 elementor-top-column elementor-element elementor-element-4512ba5 elementor-invisible\" data-id=\"4512ba5\" data-element_type=\"column\" data-e-type=\"column\" data-settings=\"{&quot;animation&quot;:&quot;fadeInUp&quot;,&quot;animation_mobile&quot;:&quot;none&quot;}\">\n\t\t\t<div class=\"elementor-widget-wrap elementor-element-populated\">\n\t\t\t\t\t\t<div class=\"elementor-element elementor-element-c1ddcf1 elementor-widget elementor-widget-heading\" data-id=\"c1ddcf1\" data-element_type=\"widget\" data-e-type=\"widget\" data-widget_type=\"heading.default\">\n\t\t\t\t<div class=\"elementor-widget-container\">\n\t\t\t\t\t<h2 class=\"elementor-heading-title elementor-size-default\">Bambole di peluche<\/h2>\t\t\t\t<\/div>\n\t\t\t\t<\/div>\n\t\t\t\t<div class=\"elementor-element elementor-element-bdbccc7 elementor-widget elementor-widget-text-editor\" data-id=\"bdbccc7\" data-element_type=\"widget\" data-e-type=\"widget\" data-widget_type=\"text-editor.default\">\n\t\t\t\t<div class=\"elementor-widget-container\">\n\t\t\t\t\t\t\t\t\t<p>Molte delle bambole della nostra collezione sono imbottite con fibre sintetiche e ovatta.<\/p>\n<ul>\n<li>Non portarlo in spiaggia, l&#8217;umidit\u00e0 della sabbia pu\u00f2 causare la formazione di umidit\u00e0 nell&#8217;imbottitura interna e creare muffa e cattivi odori.<\/li>\n<li>Non immergere in acqua, l&#8217;interno potrebbe marcire a causa dell&#8217;umidit\u00e0.<\/li>\n<\/ul>\t\t\t\t\t\t\t\t<\/div>\n\t\t\t\t<\/div>\n\t\t\t\t\t<\/div>\n\t\t<\/div>\n\t\t\t\t\t<\/div>\n\t\t<\/section>\n\t\t\t\t<section class=\"elementor-section elementor-top-section elementor-element elementor-element-62e2feb elementor-section-boxed elementor-section-height-default elementor-section-height-default\" data-id=\"62e2feb\" data-element_type=\"section\" data-e-type=\"section\" data-settings=\"{&quot;background_background&quot;:&quot;classic&quot;}\">\n\t\t\t\t\t\t\t<div class=\"elementor-background-overlay\"><\/div>\n\t\t\t\t\t\t\t<div class=\"elementor-container elementor-column-gap-default\">\n\t\t\t\t\t<div class=\"elementor-column elementor-col-50 elementor-top-column elementor-element elementor-element-46c28e2 elementor-invisible\" data-id=\"46c28e2\" data-element_type=\"column\" data-e-type=\"column\" data-settings=\"{&quot;animation&quot;:&quot;fadeInLeft&quot;,&quot;animation_mobile&quot;:&quot;none&quot;}\">\n\t\t\t<div class=\"elementor-widget-wrap elementor-element-populated\">\n\t\t\t\t\t\t<div class=\"elementor-element elementor-element-c017f55 elementor-widget elementor-widget-heading\" data-id=\"c017f55\" data-element_type=\"widget\" data-e-type=\"widget\" data-widget_type=\"heading.default\">\n\t\t\t\t<div class=\"elementor-widget-container\">\n\t\t\t\t\t<h2 class=\"elementor-heading-title elementor-size-default\">Altri consigli per le tue bambole<\/h2>\t\t\t\t<\/div>\n\t\t\t\t<\/div>\n\t\t\t\t<div class=\"elementor-element elementor-element-9138dda elementor-widget elementor-widget-text-editor\" data-id=\"9138dda\" data-element_type=\"widget\" data-e-type=\"widget\" data-widget_type=\"text-editor.default\">\n\t\t\t\t<div class=\"elementor-widget-container\">\n\t\t\t\t\t\t\t\t\t<ul><li><strong>Non<\/strong> posizionarlo vicino o sopra caminetti, fornelli o altre fonti di calore.<\/li><li><strong>Non<\/strong> metterlo in lavatrice, asciugatrice, forno, microonde ecc.  <\/li><li><strong>Non fare <\/strong>molta forza su un braccio o una gamba, perch\u00e9 potrebbero essere tirati fuori dal loro posto.<\/li><li>Fai attenzione a <strong>non lasciarle<\/strong> alla portata di animali domestici o di bambini di et\u00e0 inferiore ai 3 anni, a meno che non si tratti di bambole adatte alla loro et\u00e0.<\/li><li><strong>Non<\/strong> utilizzare creme, balsami o oli di alcun tipo.<\/li><li><strong>Non<\/strong> stringere le guance. Il magnete all&#8217;interno della bocca di alcune bambole con meccanismo pu\u00f2 staccarsi e non catturare il succhietto. <\/li><\/ul>\t\t\t\t\t\t\t\t<\/div>\n\t\t\t\t<\/div>\n\t\t\t\t\t<\/div>\n\t\t<\/div>\n\t\t\t\t<div class=\"elementor-column elementor-col-50 elementor-top-column elementor-element elementor-element-6539ea6 elementor-invisible\" data-id=\"6539ea6\" data-element_type=\"column\" data-e-type=\"column\" data-settings=\"{&quot;animation&quot;:&quot;fadeInRight&quot;,&quot;animation_mobile&quot;:&quot;none&quot;}\">\n\t\t\t<div class=\"elementor-widget-wrap elementor-element-populated\">\n\t\t\t\t\t\t<div class=\"elementor-element elementor-element-e0aeca2 elementor-widget elementor-widget-image\" data-id=\"e0aeca2\" data-element_type=\"widget\" data-e-type=\"widget\" data-widget_type=\"image.default\">\n\t\t\t\t<div class=\"elementor-widget-container\">\n\t\t\t\t\t\t\t\t\t\t\t\t\t\t\t<img decoding=\"async\" width=\"819\" height=\"1024\" src=\"https:\/\/marinapau.com\/wp-content\/uploads\/2023\/09\/LEONOR-2-819x1024.png\" class=\"attachment-large size-large wp-image-6645\" alt=\"\" srcset=\"https:\/\/marinapau.com\/wp-content\/uploads\/2023\/09\/LEONOR-2-819x1024.png 819w, https:\/\/marinapau.com\/wp-content\/uploads\/2023\/09\/LEONOR-2-600x750.png 600w, https:\/\/marinapau.com\/wp-content\/uploads\/2023\/09\/LEONOR-2-64x80.png 64w, https:\/\/marinapau.com\/wp-content\/uploads\/2023\/09\/LEONOR-2-240x300.png 240w, https:\/\/marinapau.com\/wp-content\/uploads\/2023\/09\/LEONOR-2-768x960.png 768w, https:\/\/marinapau.com\/wp-content\/uploads\/2023\/09\/LEONOR-2-1229x1536.png 1229w, https:\/\/marinapau.com\/wp-content\/uploads\/2023\/09\/LEONOR-2-1638x2048.png 1638w, https:\/\/marinapau.com\/wp-content\/uploads\/2023\/09\/LEONOR-2-10x12.png 10w, https:\/\/marinapau.com\/wp-content\/uploads\/2023\/09\/LEONOR-2.png 1655w\" sizes=\"(max-width: 819px) 100vw, 819px\" \/>\t\t\t\t\t\t\t\t\t\t\t\t\t\t\t<\/div>\n\t\t\t\t<\/div>\n\t\t\t\t\t<\/div>\n\t\t<\/div>\n\t\t\t\t\t<\/div>\n\t\t<\/section>\n\t\t\t\t<\/div>\n\t\t","protected":false},"excerpt":{"rendered":"<p>Cura dei tuoi polsi Bambole in vinile Il braccialetto non deve essere esposto a calore, freddo o umidit\u00e0 estremi. Il [&hellip;]<\/p>\n","protected":false},"author":1,"featured_media":0,"parent":0,"menu_order":0,"comment_status":"closed","ping_status":"closed","template":"","meta":{"site-sidebar-layout":"no-sidebar","site-content-layout":"page-builder","ast-site-content-layout":"default","site-content-style":"default","site-sidebar-style":"default","ast-global-header-display":"","ast-banner-title-visibility":"","ast-main-header-display":"","ast-hfb-above-header-display":"","ast-hfb-below-header-display":"","ast-hfb-mobile-header-display":"","site-post-title":"disabled","ast-breadcrumbs-content":"","ast-featured-img":"disabled","footer-sml-layout":"","theme-transparent-header-meta":"","adv-header-id-meta":"","stick-header-meta":"","header-above-stick-meta":"","header-main-stick-meta":"","header-below-stick-meta":"","astra-migrate-meta-layouts":"default","ast-page-background-enabled":"default","ast-page-background-meta":{"desktop":{"background-color":"","background-image":"","background-repeat":"repeat","background-position":"center center","background-size":"auto","background-attachment":"scroll","background-type":"","background-media":"","overlay-type":"","overlay-color":"","overlay-opacity":"","overlay-gradient":""},"tablet":{"background-color":"","background-image":"","background-repeat":"repeat","background-position":"center center","background-size":"auto","background-attachment":"scroll","background-type":"","background-media":"","overlay-type":"","overlay-color":"","overlay-opacity":"","overlay-gradient":""},"mobile":{"background-color":"","background-image":"","background-repeat":"repeat","background-position":"center center","background-size":"auto","background-attachment":"scroll","background-type":"","background-media":"","overlay-type":"","overlay-color":"","overlay-opacity":"","overlay-gradient":""}},"ast-content-background-meta":{"desktop":{"background-color":"var(--ast-global-color-5)","background-image":"","background-repeat":"repeat","background-position":"center center","background-size":"auto","background-attachment":"scroll","background-type":"","background-media":"","overlay-type":"","overlay-color":"","overlay-opacity":"","overlay-gradient":""},"tablet":{"background-color":"var(--ast-global-color-5)","background-image":"","background-repeat":"repeat","background-position":"center center","background-size":"auto","background-attachment":"scroll","background-type":"","background-media":"","overlay-type":"","overlay-color":"","overlay-opacity":"","overlay-gradient":""},"mobile":{"background-color":"var(--ast-global-color-5)","background-image":"","background-repeat":"repeat","background-position":"center center","background-size":"auto","background-attachment":"scroll","background-type":"","background-media":"","overlay-type":"","overlay-color":"","overlay-opacity":"","overlay-gradient":""}},"footnotes":""},"class_list":["post-6898","page","type-page","status-publish","hentry"],"_links":{"self":[{"href":"https:\/\/marinapau.com\/it\/wp-json\/wp\/v2\/pages\/6898","targetHints":{"allow":["GET"]}}],"collection":[{"href":"https:\/\/marinapau.com\/it\/wp-json\/wp\/v2\/pages"}],"about":[{"href":"https:\/\/marinapau.com\/it\/wp-json\/wp\/v2\/types\/page"}],"author":[{"embeddable":true,"href":"https:\/\/marinapau.com\/it\/wp-json\/wp\/v2\/users\/1"}],"replies":[{"embeddable":true,"href":"https:\/\/marinapau.com\/it\/wp-json\/wp\/v2\/comments?post=6898"}],"version-history":[{"count":0,"href":"https:\/\/marinapau.com\/it\/wp-json\/wp\/v2\/pages\/6898\/revisions"}],"wp:attachment":[{"href":"https:\/\/marinapau.com\/it\/wp-json\/wp\/v2\/media?parent=6898"}],"curies":[{"name":"wp","href":"https:\/\/api.w.org\/{rel}","templated":true}]}}