{"id":7662,"date":"2023-05-26T11:49:03","date_gmt":"2023-05-26T11:49:03","guid":{"rendered":"https:\/\/marinapau.com\/dichiarazione-di-accessibilita\/"},"modified":"2025-11-19T08:03:41","modified_gmt":"2025-11-19T08:03:41","slug":"dichiarazione-di-accessibilita","status":"publish","type":"page","link":"https:\/\/marinapau.com\/it\/dichiarazione-di-accessibilita\/","title":{"rendered":"Dichiarazione di Accessibilit\u00e0"},"content":{"rendered":"\n<p>In quanto azienda impegnata nell&#8217;accessibilit\u00e0 web, ci impegniamo a garantire che il nostro sito web sia accessibile a tutti, comprese le persone con disabilit\u00e0. Sappiamo che l&#8217;accessibilit\u00e0 web \u00e8 fondamentale per garantire che tutte le persone abbiano pari opportunit\u00e0 nell&#8217;uso della tecnologia e nella partecipazione alla societ\u00e0 online. <\/p>\n\n<p>Per raggiungere questo obiettivo, abbiamo lavorato duramente per rispettare le linee guida sull&#8217;accessibilit\u00e0 web stabilite dal World Wide Web Consortium (W3C), incluse le Web Content Accessibility Guidelines (WCAG) 2.1 di livello AA. Abbiamo implementato le migliori pratiche per rendere il nostro sito web facilmente accessibile alle persone con disabilit\u00e0 visive, uditivo, cognitivo e fisico. <\/p>\n\n<p>Le misure adottate includono l&#8217;uso di tag appropriati nel nostro codice HTML per fornire descrizioni di immagini e link, colori ad alto contrasto per migliorare la leggibilit\u00e0, la disponibilit\u00e0 di alternative audio per i contenuti video e la garanzia che il nostro sito web sia completamente navigabile con la tastiera.<\/p>\n\n<p>Siamo impegnati a continuare a migliorare il nostro sito web per garantirne l&#8217;accessibilit\u00e0 a tutti gli utenti, indipendentemente dalle loro disabilit\u00e0. Accogliamo con piacere qualsiasi feedback che i nostri utenti possano fornire sull&#8217;accessibilit\u00e0 del nostro sito web, poich\u00e9 ci\u00f2 ci aiuter\u00e0 a continuare a migliorarne l&#8217;accessibilit\u00e0 in futuro. <\/p>\n","protected":false},"excerpt":{"rendered":"<p>In quanto azienda impegnata nell&#8217;accessibilit\u00e0 web, ci impegniamo a garantire che il nostro sito web sia accessibile a tutti, comprese [&hellip;]<\/p>\n","protected":false},"author":1,"featured_media":0,"parent":0,"menu_order":0,"comment_status":"closed","ping_status":"closed","template":"","meta":{"site-sidebar-layout":"default","site-content-layout":"","ast-site-content-layout":"default","site-content-style":"default","site-sidebar-style":"default","ast-global-header-display":"","ast-banner-title-visibility":"","ast-main-header-display":"","ast-hfb-above-header-display":"","ast-hfb-below-header-display":"","ast-hfb-mobile-header-display":"","site-post-title":"","ast-breadcrumbs-content":"","ast-featured-img":"","footer-sml-layout":"","theme-transparent-header-meta":"","adv-header-id-meta":"","stick-header-meta":"","header-above-stick-meta":"","header-main-stick-meta":"","header-below-stick-meta":"","astra-migrate-meta-layouts":"default","ast-page-background-enabled":"default","ast-page-background-meta":{"desktop":{"background-color":"","background-image":"","background-repeat":"repeat","background-position":"center center","background-size":"auto","background-attachment":"scroll","background-type":"","background-media":"","overlay-type":"","overlay-color":"","overlay-opacity":"","overlay-gradient":""},"tablet":{"background-color":"","background-image":"","background-repeat":"repeat","background-position":"center center","background-size":"auto","background-attachment":"scroll","background-type":"","background-media":"","overlay-type":"","overlay-color":"","overlay-opacity":"","overlay-gradient":""},"mobile":{"background-color":"","background-image":"","background-repeat":"repeat","background-position":"center center","background-size":"auto","background-attachment":"scroll","background-type":"","background-media":"","overlay-type":"","overlay-color":"","overlay-opacity":"","overlay-gradient":""}},"ast-content-background-meta":{"desktop":{"background-color":"var(--ast-global-color-5)","background-image":"","background-repeat":"repeat","background-position":"center center","background-size":"auto","background-attachment":"scroll","background-type":"","background-media":"","overlay-type":"","overlay-color":"","overlay-opacity":"","overlay-gradient":""},"tablet":{"background-color":"var(--ast-global-color-5)","background-image":"","background-repeat":"repeat","background-position":"center center","background-size":"auto","background-attachment":"scroll","background-type":"","background-media":"","overlay-type":"","overlay-color":"","overlay-opacity":"","overlay-gradient":""},"mobile":{"background-color":"var(--ast-global-color-5)","background-image":"","background-repeat":"repeat","background-position":"center center","background-size":"auto","background-attachment":"scroll","background-type":"","background-media":"","overlay-type":"","overlay-color":"","overlay-opacity":"","overlay-gradient":""}},"footnotes":""},"class_list":["post-7662","page","type-page","status-publish","hentry"],"_links":{"self":[{"href":"https:\/\/marinapau.com\/it\/wp-json\/wp\/v2\/pages\/7662","targetHints":{"allow":["GET"]}}],"collection":[{"href":"https:\/\/marinapau.com\/it\/wp-json\/wp\/v2\/pages"}],"about":[{"href":"https:\/\/marinapau.com\/it\/wp-json\/wp\/v2\/types\/page"}],"author":[{"embeddable":true,"href":"https:\/\/marinapau.com\/it\/wp-json\/wp\/v2\/users\/1"}],"replies":[{"embeddable":true,"href":"https:\/\/marinapau.com\/it\/wp-json\/wp\/v2\/comments?post=7662"}],"version-history":[{"count":0,"href":"https:\/\/marinapau.com\/it\/wp-json\/wp\/v2\/pages\/7662\/revisions"}],"wp:attachment":[{"href":"https:\/\/marinapau.com\/it\/wp-json\/wp\/v2\/media?parent=7662"}],"curies":[{"name":"wp","href":"https:\/\/api.w.org\/{rel}","templated":true}]}}