{"id":8680,"date":"2026-03-10T09:15:03","date_gmt":"2026-03-10T09:15:03","guid":{"rendered":"https:\/\/marinapau.com\/?post_type=product&#038;p=8680"},"modified":"2026-03-16T11:33:23","modified_gmt":"2026-03-16T11:33:23","slug":"muneca-bebe-40-cm-zoe-cute","status":"publish","type":"product","link":"https:\/\/marinapau.com\/it\/producto\/muneca-bebe-40-cm-zoe-cute\/","title":{"rendered":"MU\u00d1ECA BEB\u00c9 40 CM. ZOE CUTE"},"content":{"rendered":"","protected":false},"excerpt":{"rendered":"<p>Ref. 394<\/p>\n<table width=\"599\">\n<tbody>\n<tr>\n<td width=\"599\">Mu\u00f1eca beb\u00e9 con cuerpo blandito de 42 cm totalmente fabricada en Espa\u00f1a con materiales de gran calidad. Lleva un bonito pelele estampado con turbante en el pelo y chupetero a juego. Presentada en estuche. Recomendada para mayores de 3 a\u00f1os.<\/td>\n<\/tr>\n<\/tbody>\n<\/table>\n<p><img decoding=\"async\" class=\"alignnone size-thumbnail wp-image-8566\" src=\"https:\/\/marinapau.com\/wp-content\/uploads\/2025\/12\/ICONOS-FINALES-MARINA-I-PAU-21102024_-26-150x150.jpg\" alt=\"\" width=\"150\" height=\"150\" srcset=\"https:\/\/marinapau.com\/wp-content\/uploads\/2025\/12\/ICONOS-FINALES-MARINA-I-PAU-21102024_-26-150x150.jpg 150w, https:\/\/marinapau.com\/wp-content\/uploads\/2025\/12\/ICONOS-FINALES-MARINA-I-PAU-21102024_-26-300x300.jpg 300w, https:\/\/marinapau.com\/wp-content\/uploads\/2025\/12\/ICONOS-FINALES-MARINA-I-PAU-21102024_-26-100x100.jpg 100w\" sizes=\"(max-width: 150px) 100vw, 150px\" \/> <img decoding=\"async\" class=\"alignnone size-thumbnail wp-image-8507\" src=\"https:\/\/marinapau.com\/wp-content\/uploads\/2025\/12\/ICONOS-FINALES-MARINA-I-PAU-21102024_-1-ALTURA-MUNECA-40-CM-150x150.jpg\" alt=\"\" width=\"150\" height=\"150\" srcset=\"https:\/\/marinapau.com\/wp-content\/uploads\/2025\/12\/ICONOS-FINALES-MARINA-I-PAU-21102024_-1-ALTURA-MUNECA-40-CM-150x150.jpg 150w, https:\/\/marinapau.com\/wp-content\/uploads\/2025\/12\/ICONOS-FINALES-MARINA-I-PAU-21102024_-1-ALTURA-MUNECA-40-CM-300x300.jpg 300w, https:\/\/marinapau.com\/wp-content\/uploads\/2025\/12\/ICONOS-FINALES-MARINA-I-PAU-21102024_-1-ALTURA-MUNECA-40-CM-1024x1024.jpg 1024w, https:\/\/marinapau.com\/wp-content\/uploads\/2025\/12\/ICONOS-FINALES-MARINA-I-PAU-21102024_-1-ALTURA-MUNECA-40-CM-768x768.jpg 768w, https:\/\/marinapau.com\/wp-content\/uploads\/2025\/12\/ICONOS-FINALES-MARINA-I-PAU-21102024_-1-ALTURA-MUNECA-40-CM-1536x1536.jpg 1536w, https:\/\/marinapau.com\/wp-content\/uploads\/2025\/12\/ICONOS-FINALES-MARINA-I-PAU-21102024_-1-ALTURA-MUNECA-40-CM-2048x2048.jpg 2048w, https:\/\/marinapau.com\/wp-content\/uploads\/2025\/12\/ICONOS-FINALES-MARINA-I-PAU-21102024_-1-ALTURA-MUNECA-40-CM-600x600.jpg 600w, https:\/\/marinapau.com\/wp-content\/uploads\/2025\/12\/ICONOS-FINALES-MARINA-I-PAU-21102024_-1-ALTURA-MUNECA-40-CM-100x100.jpg 100w, https:\/\/marinapau.com\/wp-content\/uploads\/2025\/12\/ICONOS-FINALES-MARINA-I-PAU-21102024_-1-ALTURA-MUNECA-40-CM-64x64.jpg 64w\" sizes=\"(max-width: 150px) 100vw, 150px\" \/> <img decoding=\"async\" class=\"alignnone size-thumbnail wp-image-8523\" src=\"https:\/\/marinapau.com\/wp-content\/uploads\/2025\/12\/ICONOS-FINALES-MARINA-I-PAU-21102024_-3-150x150.jpg\" alt=\"\" width=\"150\" height=\"150\" srcset=\"https:\/\/marinapau.com\/wp-content\/uploads\/2025\/12\/ICONOS-FINALES-MARINA-I-PAU-21102024_-3-150x150.jpg 150w, https:\/\/marinapau.com\/wp-content\/uploads\/2025\/12\/ICONOS-FINALES-MARINA-I-PAU-21102024_-3-300x300.jpg 300w, https:\/\/marinapau.com\/wp-content\/uploads\/2025\/12\/ICONOS-FINALES-MARINA-I-PAU-21102024_-3-1024x1024.jpg 1024w, https:\/\/marinapau.com\/wp-content\/uploads\/2025\/12\/ICONOS-FINALES-MARINA-I-PAU-21102024_-3-768x768.jpg 768w, https:\/\/marinapau.com\/wp-content\/uploads\/2025\/12\/ICONOS-FINALES-MARINA-I-PAU-21102024_-3-1536x1536.jpg 1536w, https:\/\/marinapau.com\/wp-content\/uploads\/2025\/12\/ICONOS-FINALES-MARINA-I-PAU-21102024_-3-2048x2048.jpg 2048w, https:\/\/marinapau.com\/wp-content\/uploads\/2025\/12\/ICONOS-FINALES-MARINA-I-PAU-21102024_-3-600x600.jpg 600w, https:\/\/marinapau.com\/wp-content\/uploads\/2025\/12\/ICONOS-FINALES-MARINA-I-PAU-21102024_-3-100x100.jpg 100w, https:\/\/marinapau.com\/wp-content\/uploads\/2025\/12\/ICONOS-FINALES-MARINA-I-PAU-21102024_-3-64x64.jpg 64w\" sizes=\"(max-width: 150px) 100vw, 150px\" \/> <img loading=\"lazy\" decoding=\"async\" class=\"alignnone size-thumbnail wp-image-8533\" src=\"https:\/\/marinapau.com\/wp-content\/uploads\/2025\/12\/ICONOS-FINALES-MARINA-I-PAU-21102024_-6-150x150.jpg\" alt=\"\" width=\"150\" height=\"150\" srcset=\"https:\/\/marinapau.com\/wp-content\/uploads\/2025\/12\/ICONOS-FINALES-MARINA-I-PAU-21102024_-6-150x150.jpg 150w, https:\/\/marinapau.com\/wp-content\/uploads\/2025\/12\/ICONOS-FINALES-MARINA-I-PAU-21102024_-6-300x300.jpg 300w, https:\/\/marinapau.com\/wp-content\/uploads\/2025\/12\/ICONOS-FINALES-MARINA-I-PAU-21102024_-6-1024x1024.jpg 1024w, https:\/\/marinapau.com\/wp-content\/uploads\/2025\/12\/ICONOS-FINALES-MARINA-I-PAU-21102024_-6-768x768.jpg 768w, https:\/\/marinapau.com\/wp-content\/uploads\/2025\/12\/ICONOS-FINALES-MARINA-I-PAU-21102024_-6-1536x1536.jpg 1536w, https:\/\/marinapau.com\/wp-content\/uploads\/2025\/12\/ICONOS-FINALES-MARINA-I-PAU-21102024_-6-2048x2048.jpg 2048w, https:\/\/marinapau.com\/wp-content\/uploads\/2025\/12\/ICONOS-FINALES-MARINA-I-PAU-21102024_-6-600x600.jpg 600w, https:\/\/marinapau.com\/wp-content\/uploads\/2025\/12\/ICONOS-FINALES-MARINA-I-PAU-21102024_-6-100x100.jpg 100w, https:\/\/marinapau.com\/wp-content\/uploads\/2025\/12\/ICONOS-FINALES-MARINA-I-PAU-21102024_-6-64x64.jpg 64w\" sizes=\"(max-width: 150px) 100vw, 150px\" \/> <img loading=\"lazy\" decoding=\"async\" class=\"alignnone size-thumbnail wp-image-8539\" src=\"https:\/\/marinapau.com\/wp-content\/uploads\/2025\/12\/ICONOS-FINALES-MARINA-I-PAU-21102024_-10-150x150.jpg\" alt=\"\" width=\"150\" height=\"150\" srcset=\"https:\/\/marinapau.com\/wp-content\/uploads\/2025\/12\/ICONOS-FINALES-MARINA-I-PAU-21102024_-10-150x150.jpg 150w, https:\/\/marinapau.com\/wp-content\/uploads\/2025\/12\/ICONOS-FINALES-MARINA-I-PAU-21102024_-10-300x300.jpg 300w, https:\/\/marinapau.com\/wp-content\/uploads\/2025\/12\/ICONOS-FINALES-MARINA-I-PAU-21102024_-10-100x100.jpg 100w\" sizes=\"(max-width: 150px) 100vw, 150px\" \/> <img loading=\"lazy\" decoding=\"async\" class=\"alignnone size-thumbnail wp-image-8550\" src=\"https:\/\/marinapau.com\/wp-content\/uploads\/2025\/12\/ICONOS-FINALES-MARINA-I-PAU-21102024_-19-BOX-150x150.jpg\" alt=\"\" width=\"150\" height=\"150\" srcset=\"https:\/\/marinapau.com\/wp-content\/uploads\/2025\/12\/ICONOS-FINALES-MARINA-I-PAU-21102024_-19-BOX-150x150.jpg 150w, https:\/\/marinapau.com\/wp-content\/uploads\/2025\/12\/ICONOS-FINALES-MARINA-I-PAU-21102024_-19-BOX-300x300.jpg 300w, https:\/\/marinapau.com\/wp-content\/uploads\/2025\/12\/ICONOS-FINALES-MARINA-I-PAU-21102024_-19-BOX-1024x1024.jpg 1024w, https:\/\/marinapau.com\/wp-content\/uploads\/2025\/12\/ICONOS-FINALES-MARINA-I-PAU-21102024_-19-BOX-768x768.jpg 768w, https:\/\/marinapau.com\/wp-content\/uploads\/2025\/12\/ICONOS-FINALES-MARINA-I-PAU-21102024_-19-BOX-1536x1536.jpg 1536w, https:\/\/marinapau.com\/wp-content\/uploads\/2025\/12\/ICONOS-FINALES-MARINA-I-PAU-21102024_-19-BOX-2048x2048.jpg 2048w, https:\/\/marinapau.com\/wp-content\/uploads\/2025\/12\/ICONOS-FINALES-MARINA-I-PAU-21102024_-19-BOX-600x600.jpg 600w, https:\/\/marinapau.com\/wp-content\/uploads\/2025\/12\/ICONOS-FINALES-MARINA-I-PAU-21102024_-19-BOX-100x100.jpg 100w, https:\/\/marinapau.com\/wp-content\/uploads\/2025\/12\/ICONOS-FINALES-MARINA-I-PAU-21102024_-19-BOX-64x64.jpg 64w\" sizes=\"(max-width: 150px) 100vw, 150px\" \/><\/p>\n","protected":false},"featured_media":8681,"template":"","meta":{"site-sidebar-layout":"default","site-content-layout":"","ast-site-content-layout":"default","site-content-style":"default","site-sidebar-style":"default","ast-global-header-display":"","ast-banner-title-visibility":"","ast-main-header-display":"","ast-hfb-above-header-display":"","ast-hfb-below-header-display":"","ast-hfb-mobile-header-display":"","site-post-title":"","ast-breadcrumbs-content":"","ast-featured-img":"","footer-sml-layout":"","theme-transparent-header-meta":"default","adv-header-id-meta":"","stick-header-meta":"","header-above-stick-meta":"","header-main-stick-meta":"","header-below-stick-meta":"","astra-migrate-meta-layouts":"set","ast-page-background-enabled":"default","ast-page-background-meta":{"desktop":{"background-color":"","background-image":"","background-repeat":"repeat","background-position":"center center","background-size":"auto","background-attachment":"scroll","background-type":"","background-media":"","overlay-type":"","overlay-color":"","overlay-opacity":"","overlay-gradient":""},"tablet":{"background-color":"","background-image":"","background-repeat":"repeat","background-position":"center center","background-size":"auto","background-attachment":"scroll","background-type":"","background-media":"","overlay-type":"","overlay-color":"","overlay-opacity":"","overlay-gradient":""},"mobile":{"background-color":"","background-image":"","background-repeat":"repeat","background-position":"center center","background-size":"auto","background-attachment":"scroll","background-type":"","background-media":"","overlay-type":"","overlay-color":"","overlay-opacity":"","overlay-gradient":""}},"ast-content-background-meta":{"desktop":{"background-color":"var(--ast-global-color-5)","background-image":"","background-repeat":"repeat","background-position":"center center","background-size":"auto","background-attachment":"scroll","background-type":"","background-media":"","overlay-type":"","overlay-color":"","overlay-opacity":"","overlay-gradient":""},"tablet":{"background-color":"var(--ast-global-color-5)","background-image":"","background-repeat":"repeat","background-position":"center center","background-size":"auto","background-attachment":"scroll","background-type":"","background-media":"","overlay-type":"","overlay-color":"","overlay-opacity":"","overlay-gradient":""},"mobile":{"background-color":"var(--ast-global-color-5)","background-image":"","background-repeat":"repeat","background-position":"center center","background-size":"auto","background-attachment":"scroll","background-type":"","background-media":"","overlay-type":"","overlay-color":"","overlay-opacity":"","overlay-gradient":""}}},"product_brand":[],"product_cat":[182],"product_tag":[],"class_list":{"0":"post-8680","1":"product","2":"type-product","3":"status-publish","4":"has-post-thumbnail","6":"product_cat-bebe","7":"desktop-align-left","8":"tablet-align-left","9":"mobile-align-left","10":"ast-product-gallery-layout-first-image-large","11":"ast-magnify-disabled","12":"ast-product-tabs-layout-horizontal","13":"ast-qv-on-image","15":"first","16":"instock","17":"taxable","18":"shipping-taxable","19":"purchasable","20":"product-type-simple"},"_links":{"self":[{"href":"https:\/\/marinapau.com\/it\/wp-json\/wp\/v2\/product\/8680","targetHints":{"allow":["GET"]}}],"collection":[{"href":"https:\/\/marinapau.com\/it\/wp-json\/wp\/v2\/product"}],"about":[{"href":"https:\/\/marinapau.com\/it\/wp-json\/wp\/v2\/types\/product"}],"version-history":[{"count":1,"href":"https:\/\/marinapau.com\/it\/wp-json\/wp\/v2\/product\/8680\/revisions"}],"predecessor-version":[{"id":8682,"href":"https:\/\/marinapau.com\/it\/wp-json\/wp\/v2\/product\/8680\/revisions\/8682"}],"wp:featuredmedia":[{"embeddable":true,"href":"https:\/\/marinapau.com\/it\/wp-json\/wp\/v2\/media\/8681"}],"wp:attachment":[{"href":"https:\/\/marinapau.com\/it\/wp-json\/wp\/v2\/media?parent=8680"}],"wp:term":[{"taxonomy":"product_brand","embeddable":true,"href":"https:\/\/marinapau.com\/it\/wp-json\/wp\/v2\/product_brand?post=8680"},{"taxonomy":"product_cat","embeddable":true,"href":"https:\/\/marinapau.com\/it\/wp-json\/wp\/v2\/product_cat?post=8680"},{"taxonomy":"product_tag","embeddable":true,"href":"https:\/\/marinapau.com\/it\/wp-json\/wp\/v2\/product_tag?post=8680"}],"curies":[{"name":"wp","href":"https:\/\/api.w.org\/{rel}","templated":true}]}}